{"id":16592,"date":"2021-11-04T17:47:59","date_gmt":"2021-11-04T17:47:59","guid":{"rendered":"https:\/\/clavea.com\/proximamente\/"},"modified":"2025-05-27T07:12:01","modified_gmt":"2025-05-27T07:12:01","slug":"proximamente","status":"publish","type":"page","link":"http:\/\/clavea.com\/es\/proximamente\/","title":{"rendered":"Pr\u00f3ximamente"},"content":{"rendered":"\t\t<div data-elementor-type=\"wp-page\" data-elementor-id=\"16592\" class=\"elementor elementor-16592 elementor-8879\">\n\t\t\t\t<div class=\"elementor-element elementor-element-61dba29 wd-section-stretch-content e-flex e-con-boxed e-con e-parent\" data-id=\"61dba29\" data-element_type=\"container\" data-settings=\"{&quot;background_background&quot;:&quot;classic&quot;}\">\n\t\t\t\t\t<div class=\"e-con-inner\">\n\t\t<div class=\"elementor-element elementor-element-af1d4d5 e-con-full elementor-hidden-mobile e-flex e-con e-child\" data-id=\"af1d4d5\" data-element_type=\"container\" data-settings=\"{&quot;background_background&quot;:&quot;classic&quot;}\">\n\t\t\t\t<\/div>\n\t\t<div class=\"elementor-element elementor-element-d1a0c34 color-scheme-light e-con-full e-flex e-con e-child\" data-id=\"d1a0c34\" data-element_type=\"container\" data-settings=\"{&quot;background_background&quot;:&quot;classic&quot;}\">\n\t\t\t\t<div class=\"elementor-element elementor-element-c699eae elementor-widget elementor-widget-wd_image_or_svg\" data-id=\"c699eae\" data-element_type=\"widget\" data-widget_type=\"wd_image_or_svg.default\">\n\t\t\t\t<div class=\"elementor-widget-container\">\n\t\t\t\t\t\n\t\t<div class=\"wd-image text-center\">\n\t\t\t\t\t\t\t\t<img decoding=\"async\" width=\"284\" height=\"133\" src=\"http:\/\/clavea.com\/wp-content\/uploads\/2024\/02\/Calvea_logo@2x.png\" class=\"attachment-full size-full\" alt=\"\" srcset=\"http:\/\/clavea.com\/wp-content\/uploads\/2024\/02\/Calvea_logo@2x.png 284w, http:\/\/clavea.com\/wp-content\/uploads\/2024\/02\/Calvea_logo@2x-150x70.png 150w\" sizes=\"(max-width: 284px) 100vw, 284px\" \/>\t\t\t\t\t<\/div>\n\n\t\t\t\t\t\t<\/div>\n\t\t\t\t<\/div>\n\t\t\t\t<div class=\"elementor-element elementor-element-7ea240d wd-width-100 elementor-widget elementor-widget-wd_title\" data-id=\"7ea240d\" data-element_type=\"widget\" data-widget_type=\"wd_title.default\">\n\t\t\t\t<div class=\"elementor-widget-container\">\n\t\t\t\t\t\t\t<div class=\"title-wrapper set-mb-s reset-last-child wd-title-color-white wd-title-style-default wd-title-size-extra-large text-center\">\n\n\t\t\t\n\t\t\t<div class=\"liner-continer\">\n\t\t\t\t<h4 class=\"woodmart-title-container title wd-fontsize-xxxl\">PR\u00d3XIMAMENTE<\/h4> \n\t\t\t\t\t\t\t<\/div>\n\n\t\t\t\t\t\t\t<div class=\"title-after_title set-cont-mb-s reset-last-child wd-fontsize-s\">\n\t\t\t\t\t<h1><span style=\"font-weight: 400\">Redefinir la belleza mediante la innovaci\u00f3n y la ciencia<\/span><\/h1>\t\t\t\t<\/div>\n\t\t\t\t\t<\/div>\n\t\t\t\t\t\t<\/div>\n\t\t\t\t<\/div>\n\t\t\t\t<div class=\"elementor-element elementor-element-718a638 elementor-widget elementor-widget-wd_social_buttons\" data-id=\"718a638\" data-element_type=\"widget\" data-widget_type=\"wd_social_buttons.default\">\n\t\t\t\t<div class=\"elementor-widget-container\">\n\t\t\t\t\t\n\t\t\t<div class=\" wd-social-icons icons-design-bordered icons-size-default color-scheme-dark social-follow social-form-circle text-center\">\n\n\t\t\t\t\n\t\t\t\t\t\t\t\t\t<a rel=\"noopener noreferrer nofollow\" href=\"https:\/\/www.facebook.com\/profile.php?id=61555035301981\" target=\"_blank\" class=\" wd-social-icon social-facebook\" aria-label=\"Facebook social link\">\n\t\t\t\t\t\t<span class=\"wd-icon\"><\/span>\n\t\t\t\t\t\t\t\t\t\t\t<\/a>\n\t\t\t\t\n\t\t\t\t\n\t\t\t\t\n\t\t\t\t\t\t\t\t\t<a rel=\"noopener noreferrer nofollow\" href=\"https:\/\/www.instagram.com\/clavea.official\/?locale=zh-hans\" target=\"_blank\" class=\" wd-social-icon social-instagram\" aria-label=\"Instagram social link\">\n\t\t\t\t\t\t<span class=\"wd-icon\"><\/span>\n\t\t\t\t\t\t\t\t\t\t\t<\/a>\n\t\t\t\t\n\t\t\t\t\n\t\t\t\t\n\t\t\t\t\n\t\t\t\t\t\t\t\t\t<a rel=\"noopener noreferrer nofollow\" href=\"https:\/\/www.linkedin.com\/company\/clavea\/\" target=\"_blank\" class=\" wd-social-icon social-linkedin\" aria-label=\"Linkedin social link\">\n\t\t\t\t\t\t<span class=\"wd-icon\"><\/span>\n\t\t\t\t\t\t\t\t\t\t\t<\/a>\n\t\t\t\t\n\t\t\t\t\n\t\t\t\t\n\t\t\t\t\n\t\t\t\t\n\t\t\t\t\n\t\t\t\t\n\t\t\t\t\n\t\t\t\t\n\t\t\t\t\n\t\t\t\t\t\t\t\t\n\t\t\t\t\t\t\t\t\n\t\t\t\t\t\t\t\t\t<a rel=\"noopener noreferrer nofollow\" href=\"https:\/\/www.tiktok.com\/@clavea.official\" target=\"_blank\" class=\" wd-social-icon social-tiktok\" aria-label=\"TikTok social link\">\n\t\t\t\t\t\t<span class=\"wd-icon\"><\/span>\n\t\t\t\t\t\t\t\t\t\t\t<\/a>\n\t\t\t\t\n\t\t\t\t\n\t\t\t\t\t\t\t\t\n\t\t\t\t\n\t\t\t<\/div>\n\n\t\t\t\t\t\t<\/div>\n\t\t\t\t<\/div>\n\t\t\t\t<\/div>\n\t\t<div class=\"elementor-element elementor-element-d4e060d color-scheme-light elementor-hidden-mobile e-con-full e-flex e-con e-child\" data-id=\"d4e060d\" data-element_type=\"container\" data-settings=\"{&quot;background_background&quot;:&quot;classic&quot;}\">\n\t\t\t\t<\/div>\n\t\t\t\t\t<\/div>\n\t\t\t\t<\/div>\n\t\t\t\t<\/div>\n\t\t","protected":false},"excerpt":{"rendered":"<p>PR\u00d3XIMAMENTE Redefinir la belleza mediante la innovaci\u00f3n y la ciencia<\/p>\n","protected":false},"author":1,"featured_media":0,"parent":0,"menu_order":0,"comment_status":"closed","ping_status":"closed","template":"maintenance.php","meta":{"footnotes":""},"class_list":["post-16592","page","type-page","status-publish","hentry"],"yoast_head":"<!-- This site is optimized with the Yoast SEO plugin v25.0 - https:\/\/yoast.com\/wordpress\/plugins\/seo\/ -->\n<title>Pr\u00f3ximamente - Clavea<\/title>\n<meta name=\"robots\" content=\"index, follow, max-snippet:-1, max-image-preview:large, max-video-preview:-1\" \/>\n<link rel=\"canonical\" href=\"http:\/\/clavea.com\/es\/proximamente\/\" \/>\n<meta property=\"og:locale\" content=\"es_ES\" \/>\n<meta property=\"og:type\" content=\"article\" \/>\n<meta property=\"og:title\" content=\"Pr\u00f3ximamente - Clavea\" \/>\n<meta property=\"og:description\" content=\"PR\u00d3XIMAMENTE Redefinir la belleza mediante la innovaci\u00f3n y la ciencia\" \/>\n<meta property=\"og:url\" content=\"http:\/\/clavea.com\/es\/proximamente\/\" \/>\n<meta property=\"og:site_name\" content=\"Clavea\" \/>\n<meta property=\"article:publisher\" content=\"https:\/\/www.facebook.com\/profile.php?id=61555035301981\" \/>\n<meta property=\"article:modified_time\" content=\"2025-05-27T07:12:01+00:00\" \/>\n<meta property=\"og:image\" content=\"https:\/\/clavea.com\/wp-content\/uploads\/2024\/02\/Calvea_logo@2x.png\" \/>\n<meta name=\"twitter:card\" content=\"summary_large_image\" \/>\n<script type=\"application\/ld+json\" class=\"yoast-schema-graph\">{\"@context\":\"https:\/\/schema.org\",\"@graph\":[{\"@type\":\"WebPage\",\"@id\":\"http:\/\/clavea.com\/es\/proximamente\/\",\"url\":\"http:\/\/clavea.com\/es\/proximamente\/\",\"name\":\"Pr\u00f3ximamente - Clavea\",\"isPartOf\":{\"@id\":\"https:\/\/clavea.com\/es\/#website\"},\"primaryImageOfPage\":{\"@id\":\"http:\/\/clavea.com\/es\/proximamente\/#primaryimage\"},\"image\":{\"@id\":\"http:\/\/clavea.com\/es\/proximamente\/#primaryimage\"},\"thumbnailUrl\":\"https:\/\/clavea.com\/wp-content\/uploads\/2024\/02\/Calvea_logo@2x.png\",\"datePublished\":\"2021-11-04T17:47:59+00:00\",\"dateModified\":\"2025-05-27T07:12:01+00:00\",\"breadcrumb\":{\"@id\":\"http:\/\/clavea.com\/es\/proximamente\/#breadcrumb\"},\"inLanguage\":\"es\",\"potentialAction\":[{\"@type\":\"ReadAction\",\"target\":[\"http:\/\/clavea.com\/es\/proximamente\/\"]}]},{\"@type\":\"ImageObject\",\"inLanguage\":\"es\",\"@id\":\"http:\/\/clavea.com\/es\/proximamente\/#primaryimage\",\"url\":\"https:\/\/clavea.com\/wp-content\/uploads\/2024\/02\/Calvea_logo@2x.png\",\"contentUrl\":\"https:\/\/clavea.com\/wp-content\/uploads\/2024\/02\/Calvea_logo@2x.png\"},{\"@type\":\"BreadcrumbList\",\"@id\":\"http:\/\/clavea.com\/es\/proximamente\/#breadcrumb\",\"itemListElement\":[{\"@type\":\"ListItem\",\"position\":1,\"name\":\"Home\",\"item\":\"https:\/\/clavea.com\/es\/\"},{\"@type\":\"ListItem\",\"position\":2,\"name\":\"Pr\u00f3ximamente\"}]},{\"@type\":\"WebSite\",\"@id\":\"https:\/\/clavea.com\/es\/#website\",\"url\":\"https:\/\/clavea.com\/es\/\",\"name\":\"Clavea\",\"description\":\"Redefining beauty through innovation and science\",\"publisher\":{\"@id\":\"https:\/\/clavea.com\/es\/#organization\"},\"potentialAction\":[{\"@type\":\"SearchAction\",\"target\":{\"@type\":\"EntryPoint\",\"urlTemplate\":\"https:\/\/clavea.com\/es\/?s={search_term_string}\"},\"query-input\":{\"@type\":\"PropertyValueSpecification\",\"valueRequired\":true,\"valueName\":\"search_term_string\"}}],\"inLanguage\":\"es\"},{\"@type\":\"Organization\",\"@id\":\"https:\/\/clavea.com\/es\/#organization\",\"name\":\"Clavea\",\"url\":\"https:\/\/clavea.com\/es\/\",\"logo\":{\"@type\":\"ImageObject\",\"inLanguage\":\"es\",\"@id\":\"https:\/\/clavea.com\/es\/#\/schema\/logo\/image\/\",\"url\":\"https:\/\/clavea.com\/wp-content\/uploads\/2024\/03\/Untitled-design-2024-03-22T173036.477.png\",\"contentUrl\":\"https:\/\/clavea.com\/wp-content\/uploads\/2024\/03\/Untitled-design-2024-03-22T173036.477.png\",\"width\":1080,\"height\":1080,\"caption\":\"Clavea\"},\"image\":{\"@id\":\"https:\/\/clavea.com\/es\/#\/schema\/logo\/image\/\"},\"sameAs\":[\"https:\/\/www.facebook.com\/profile.php?id=61555035301981\",\"https:\/\/www.instagram.com\/clavea.official\/\"]}]}<\/script>\n<!-- \/ Yoast SEO plugin. -->","yoast_head_json":{"title":"Pr\u00f3ximamente - Clavea","robots":{"index":"index","follow":"follow","max-snippet":"max-snippet:-1","max-image-preview":"max-image-preview:large","max-video-preview":"max-video-preview:-1"},"canonical":"http:\/\/clavea.com\/es\/proximamente\/","og_locale":"es_ES","og_type":"article","og_title":"Pr\u00f3ximamente - Clavea","og_description":"PR\u00d3XIMAMENTE Redefinir la belleza mediante la innovaci\u00f3n y la ciencia","og_url":"http:\/\/clavea.com\/es\/proximamente\/","og_site_name":"Clavea","article_publisher":"https:\/\/www.facebook.com\/profile.php?id=61555035301981","article_modified_time":"2025-05-27T07:12:01+00:00","og_image":[{"url":"https:\/\/clavea.com\/wp-content\/uploads\/2024\/02\/Calvea_logo@2x.png","type":"","width":"","height":""}],"twitter_card":"summary_large_image","schema":{"@context":"https:\/\/schema.org","@graph":[{"@type":"WebPage","@id":"http:\/\/clavea.com\/es\/proximamente\/","url":"http:\/\/clavea.com\/es\/proximamente\/","name":"Pr\u00f3ximamente - Clavea","isPartOf":{"@id":"https:\/\/clavea.com\/es\/#website"},"primaryImageOfPage":{"@id":"http:\/\/clavea.com\/es\/proximamente\/#primaryimage"},"image":{"@id":"http:\/\/clavea.com\/es\/proximamente\/#primaryimage"},"thumbnailUrl":"https:\/\/clavea.com\/wp-content\/uploads\/2024\/02\/Calvea_logo@2x.png","datePublished":"2021-11-04T17:47:59+00:00","dateModified":"2025-05-27T07:12:01+00:00","breadcrumb":{"@id":"http:\/\/clavea.com\/es\/proximamente\/#breadcrumb"},"inLanguage":"es","potentialAction":[{"@type":"ReadAction","target":["http:\/\/clavea.com\/es\/proximamente\/"]}]},{"@type":"ImageObject","inLanguage":"es","@id":"http:\/\/clavea.com\/es\/proximamente\/#primaryimage","url":"https:\/\/clavea.com\/wp-content\/uploads\/2024\/02\/Calvea_logo@2x.png","contentUrl":"https:\/\/clavea.com\/wp-content\/uploads\/2024\/02\/Calvea_logo@2x.png"},{"@type":"BreadcrumbList","@id":"http:\/\/clavea.com\/es\/proximamente\/#breadcrumb","itemListElement":[{"@type":"ListItem","position":1,"name":"Home","item":"https:\/\/clavea.com\/es\/"},{"@type":"ListItem","position":2,"name":"Pr\u00f3ximamente"}]},{"@type":"WebSite","@id":"https:\/\/clavea.com\/es\/#website","url":"https:\/\/clavea.com\/es\/","name":"Clavea","description":"Redefining beauty through innovation and science","publisher":{"@id":"https:\/\/clavea.com\/es\/#organization"},"potentialAction":[{"@type":"SearchAction","target":{"@type":"EntryPoint","urlTemplate":"https:\/\/clavea.com\/es\/?s={search_term_string}"},"query-input":{"@type":"PropertyValueSpecification","valueRequired":true,"valueName":"search_term_string"}}],"inLanguage":"es"},{"@type":"Organization","@id":"https:\/\/clavea.com\/es\/#organization","name":"Clavea","url":"https:\/\/clavea.com\/es\/","logo":{"@type":"ImageObject","inLanguage":"es","@id":"https:\/\/clavea.com\/es\/#\/schema\/logo\/image\/","url":"https:\/\/clavea.com\/wp-content\/uploads\/2024\/03\/Untitled-design-2024-03-22T173036.477.png","contentUrl":"https:\/\/clavea.com\/wp-content\/uploads\/2024\/03\/Untitled-design-2024-03-22T173036.477.png","width":1080,"height":1080,"caption":"Clavea"},"image":{"@id":"https:\/\/clavea.com\/es\/#\/schema\/logo\/image\/"},"sameAs":["https:\/\/www.facebook.com\/profile.php?id=61555035301981","https:\/\/www.instagram.com\/clavea.official\/"]}]}},"_links":{"self":[{"href":"http:\/\/clavea.com\/es\/wp-json\/wp\/v2\/pages\/16592","targetHints":{"allow":["GET"]}}],"collection":[{"href":"http:\/\/clavea.com\/es\/wp-json\/wp\/v2\/pages"}],"about":[{"href":"http:\/\/clavea.com\/es\/wp-json\/wp\/v2\/types\/page"}],"author":[{"embeddable":true,"href":"http:\/\/clavea.com\/es\/wp-json\/wp\/v2\/users\/1"}],"replies":[{"embeddable":true,"href":"http:\/\/clavea.com\/es\/wp-json\/wp\/v2\/comments?post=16592"}],"version-history":[{"count":2,"href":"http:\/\/clavea.com\/es\/wp-json\/wp\/v2\/pages\/16592\/revisions"}],"predecessor-version":[{"id":16594,"href":"http:\/\/clavea.com\/es\/wp-json\/wp\/v2\/pages\/16592\/revisions\/16594"}],"wp:attachment":[{"href":"http:\/\/clavea.com\/es\/wp-json\/wp\/v2\/media?parent=16592"}],"curies":[{"name":"wp","href":"https:\/\/api.w.org\/{rel}","templated":true}]}}