{"id":16622,"date":"2024-03-19T14:16:07","date_gmt":"2024-03-19T14:16:07","guid":{"rendered":"https:\/\/clavea.com\/product\/clavea-blanca\/"},"modified":"2025-06-19T20:14:55","modified_gmt":"2025-06-19T20:14:55","slug":"clavea-blanca","status":"publish","type":"product","link":"http:\/\/clavea.com\/es\/product\/clavea-blanca\/","title":{"rendered":"Clavea<sup style=\"font-size:12px\">\u00ae<\/sup> Blanca"},"content":{"rendered":"\t\t<div data-elementor-type=\"wp-post\" data-elementor-id=\"16622\" class=\"elementor elementor-16622 elementor-15671\">\n\t\t\t\t<div class=\"elementor-element elementor-element-72c40723 e-flex e-con-boxed e-con e-parent\" data-id=\"72c40723\" data-element_type=\"container\">\n\t\t\t\t\t<div class=\"e-con-inner\">\n\t\t\t\t<div class=\"elementor-element elementor-element-e91cfda elementor-widget elementor-widget-toggle\" data-id=\"e91cfda\" data-element_type=\"widget\" data-widget_type=\"toggle.default\">\n\t\t\t\t<div class=\"elementor-widget-container\">\n\t\t\t\t\t\t\t<div class=\"elementor-toggle\">\n\t\t\t\t\t\t\t<div class=\"elementor-toggle-item\">\n\t\t\t\t\t<div id=\"elementor-tab-title-2441\" class=\"elementor-tab-title\" data-tab=\"1\" role=\"button\" aria-controls=\"elementor-tab-content-2441\" aria-expanded=\"false\">\n\t\t\t\t\t\t\t\t\t\t\t\t<span class=\"elementor-toggle-icon elementor-toggle-icon-left\" aria-hidden=\"true\">\n\t\t\t\t\t\t\t\t\t\t\t\t\t\t\t<span class=\"elementor-toggle-icon-closed\"><svg class=\"e-font-icon-svg e-fas-caret-right\" viewBox=\"0 0 192 512\" xmlns=\"http:\/\/www.w3.org\/2000\/svg\"><path d=\"M0 384.662V127.338c0-17.818 21.543-26.741 34.142-14.142l128.662 128.662c7.81 7.81 7.81 20.474 0 28.284L34.142 398.804C21.543 411.404 0 402.48 0 384.662z\"><\/path><\/svg><\/span>\n\t\t\t\t\t\t\t\t<span class=\"elementor-toggle-icon-opened\"><svg class=\"elementor-toggle-icon-opened e-font-icon-svg e-fas-caret-up\" viewBox=\"0 0 320 512\" xmlns=\"http:\/\/www.w3.org\/2000\/svg\"><path d=\"M288.662 352H31.338c-17.818 0-26.741-21.543-14.142-34.142l128.662-128.662c7.81-7.81 20.474-7.81 28.284 0l128.662 128.662c12.6 12.599 3.676 34.142-14.142 34.142z\"><\/path><\/svg><\/span>\n\t\t\t\t\t\t\t\t\t\t\t\t\t<\/span>\n\t\t\t\t\t\t\t\t\t\t\t\t<a class=\"elementor-toggle-title\" tabindex=\"0\">Descripci\u00f3n<\/a>\n\t\t\t\t\t<\/div>\n\n\t\t\t\t\t<div id=\"elementor-tab-content-2441\" class=\"elementor-tab-content elementor-clearfix\" data-tab=\"1\" role=\"region\" aria-labelledby=\"elementor-tab-title-2441\"><p>Presentamos nuestro <strong>BLANCA<\/strong>\u00a0Tratamiento Blanqueador y Reafirmante, una soluci\u00f3n profesional para el cuidado de la piel, meticulosamente formulada para ofrecer resultados inigualables. Inspirado en los principios de la revitalizaci\u00f3n de la piel, este tratamiento avanzado est\u00e1 dise\u00f1ado para quienes buscan experiencias transformadoras en el cuidado de la piel.<\/p><p>Elaborado con una potente mezcla de ingredientes activos,como\u00a0<strong>\u00c1cido Tranex\u00e1mico, Acido hialur\u00f3nico\u00a0<\/strong>y\u00a0<strong>Actinidia Chinensis<\/strong>, nuestra f\u00f3rmula aborda una amplia gama de problemas de la piel con precisi\u00f3n y eficacia.\u00a0<strong>El \u00c1cido Tranex\u00e1mico,\u00a0<\/strong>reconocido por sus excepcionales propiedades blanqueadoras, act\u00faa en sinergia con\u00a0<strong>la Niacinamida, la Tiamina y el \u00c1cido Asc\u00f3rbico\u00a0<\/strong>para disminuir la hiperpigmentaci\u00f3n, las manchas oscuras y el tono desigual de la piel, revelando una tez radiante y luminosa.<\/p><p>Adem\u00e1s de sus propiedades blanqueadoras, nuestro tratamiento ofrece potentes efectos reafirmantes y tensores, gracias al\u00a0<strong>Manitol<\/strong>\u00a0y\u00a0<strong>DMAE<\/strong>.. Estos ingredientes ayudan a redefinir el contorno facial, restaurar la elasticidad y combatir los signos del envejecimiento, dando como resultado una piel visiblemente m\u00e1s firme, tersa y juvenil.<\/p><p>La hidrataci\u00f3n es fundamental en nuestro tratamiento <strong>\u00a0BL.ANCA La glicerina y el \u00e1cido hialur\u00f3nico <\/strong>proporcionan una hidrataci\u00f3n intensa para reponer la barrera de hidrataci\u00f3n de dermis y mejorar su elasticidad. Experimente una profunda sensaci\u00f3n de hidrataci\u00f3n y rejuvenecimiento mientras su piel luce tersa, hidratada y revitalizada.<\/p><p>Adem\u00e1s, nuestra f\u00f3rmula contiene p\u00e9ptidos innovadores como el\u00a0<strong>acetil octap\u00e9ptido-3\u00a0<\/strong>y\u00a0<strong>el pentap\u00e9ptido-18<\/strong>, que act\u00faan sin\u00e9rgicamente para combatir las l\u00edneas de<br \/>expresi\u00f3n, arrugas y l\u00edneas de expresi\u00f3n, promoviendo un cutis m\u00e1s suave y juvenil.<\/p><p>Adem\u00e1s, nuestra f\u00f3rmula est\u00e1 fortificada con una potente mezcla de antioxidantes,\u00a0<strong>como glutati\u00f3n, extracto de regaliz y extracto de ra\u00edz de Sophora flavescens<\/strong>, que proporciona una protecci\u00f3n integral contra las agresiones ambientales y el da\u00f1o de los radicales libres. Al proteger la piel de factores externos, nuestro tratamiento ayuda a preservar su integridad juvenil y promueve la salud cut\u00e1nea a largo plazo.<\/p><p>Experimente los efectos transformadores de la revitalizaci\u00f3n de la piel con nuestro Tratamiento Blanqueador y Reafirmante <strong>BLANCA<\/strong>. Descubra el secreto para una piel radiante y juvenil mientras disfruta de una experiencia de su cuidado\u00a0que inspira confianza, vitalidad y una belleza innegable.<\/p><\/div>\n\t\t\t\t<\/div>\n\t\t\t\t\t\t\t<div class=\"elementor-toggle-item\">\n\t\t\t\t\t<div id=\"elementor-tab-title-2442\" class=\"elementor-tab-title\" data-tab=\"2\" role=\"button\" aria-controls=\"elementor-tab-content-2442\" aria-expanded=\"false\">\n\t\t\t\t\t\t\t\t\t\t\t\t<span class=\"elementor-toggle-icon elementor-toggle-icon-left\" aria-hidden=\"true\">\n\t\t\t\t\t\t\t\t\t\t\t\t\t\t\t<span class=\"elementor-toggle-icon-closed\"><svg class=\"e-font-icon-svg e-fas-caret-right\" viewBox=\"0 0 192 512\" xmlns=\"http:\/\/www.w3.org\/2000\/svg\"><path d=\"M0 384.662V127.338c0-17.818 21.543-26.741 34.142-14.142l128.662 128.662c7.81 7.81 7.81 20.474 0 28.284L34.142 398.804C21.543 411.404 0 402.48 0 384.662z\"><\/path><\/svg><\/span>\n\t\t\t\t\t\t\t\t<span class=\"elementor-toggle-icon-opened\"><svg class=\"elementor-toggle-icon-opened e-font-icon-svg e-fas-caret-up\" viewBox=\"0 0 320 512\" xmlns=\"http:\/\/www.w3.org\/2000\/svg\"><path d=\"M288.662 352H31.338c-17.818 0-26.741-21.543-14.142-34.142l128.662-128.662c7.81-7.81 20.474-7.81 28.284 0l128.662 128.662c12.6 12.599 3.676 34.142-14.142 34.142z\"><\/path><\/svg><\/span>\n\t\t\t\t\t\t\t\t\t\t\t\t\t<\/span>\n\t\t\t\t\t\t\t\t\t\t\t\t<a class=\"elementor-toggle-title\" tabindex=\"0\">Ingredientes<\/a>\n\t\t\t\t\t<\/div>\n\n\t\t\t\t\t<div id=\"elementor-tab-content-2442\" class=\"elementor-tab-content elementor-clearfix\" data-tab=\"2\" role=\"region\" aria-labelledby=\"elementor-tab-title-2442\"><ul><li style=\"font-weight: 400;\" aria-level=\"1\"><span style=\"font-weight: 400;\">Aqua<\/span><\/li><li style=\"font-weight: 400;\" aria-level=\"1\"><span style=\"font-weight: 400;\">Manitol<\/span><\/li><li style=\"font-weight: 400;\" aria-level=\"1\"><span style=\"font-weight: 400;\">DMAE<\/span><\/li><li style=\"font-weight: 400;\" aria-level=\"1\"><span style=\"font-weight: 400;\">Hialuronato de sodio<\/span><\/li><li style=\"font-weight: 400;\" aria-level=\"1\"><span style=\"font-weight: 400;\">Glycerin<\/span><\/li><li style=\"font-weight: 400;\" aria-level=\"1\"><span style=\"font-weight: 400;\">Butylene Glycol<\/span><\/li><li style=\"font-weight: 400;\" aria-level=\"1\"><span style=\"font-weight: 400;\">Panthenol<\/span><\/li><li style=\"font-weight: 400;\" aria-level=\"1\"><span style=\"font-weight: 400;\">Silicio \u00f3rganico<\/span><\/li><li style=\"font-weight: 400;\" aria-level=\"1\"><span style=\"font-weight: 400;\">Agua de fruto de Actinidia Chinensis<\/span><\/li><li style=\"font-weight: 400;\" aria-level=\"1\"><span style=\"font-weight: 400;\">Glutati\u00f3n<\/span><\/li><li style=\"font-weight: 400;\" aria-level=\"1\"><span style=\"font-weight: 400;\">Extracto de ra\u00edz de Glycyrrhiza Glabra<\/span><\/li><li style=\"font-weight: 400;\" aria-level=\"1\"><span style=\"font-weight: 400;\">Caprylil glycol<\/span><\/li><li style=\"font-weight: 400;\" aria-level=\"1\"><span style=\"font-weight: 400;\">Extracto de ra\u00edz de Sophora Flavescens<\/span><\/li><li style=\"font-weight: 400;\" aria-level=\"1\"><span style=\"font-weight: 400;\">Niacinamida<\/span><\/li><li style=\"font-weight: 400;\" aria-level=\"1\"><span style=\"font-weight: 400;\">Tiamina<\/span><\/li><li style=\"font-weight: 400;\" aria-level=\"1\"><span style=\"font-weight: 400;\">\u00c1cido asc\u00f3rbico<\/span><\/li><li style=\"font-weight: 400;\" aria-level=\"1\"><span style=\"font-weight: 400;\">Acetilo octap\u00e9ptido-3<\/span><\/li><li style=\"font-weight: 400;\" aria-level=\"1\"><span style=\"font-weight: 400;\">Pentap\u00e9ptido-18<\/span><\/li><li style=\"font-weight: 400;\" aria-level=\"1\"><span style=\"font-weight: 400;\">Phenoxyethanol<\/span><\/li><li style=\"font-weight: 400;\" aria-level=\"1\"><span style=\"font-weight: 400;\">\u00c1cido s\u00f3rbico<\/span><\/li><\/ul><\/div>\n\t\t\t\t<\/div>\n\t\t\t\t\t\t\t<div class=\"elementor-toggle-item\">\n\t\t\t\t\t<div id=\"elementor-tab-title-2443\" class=\"elementor-tab-title\" data-tab=\"3\" role=\"button\" aria-controls=\"elementor-tab-content-2443\" aria-expanded=\"false\">\n\t\t\t\t\t\t\t\t\t\t\t\t<span class=\"elementor-toggle-icon elementor-toggle-icon-left\" aria-hidden=\"true\">\n\t\t\t\t\t\t\t\t\t\t\t\t\t\t\t<span class=\"elementor-toggle-icon-closed\"><svg class=\"e-font-icon-svg e-fas-caret-right\" viewBox=\"0 0 192 512\" xmlns=\"http:\/\/www.w3.org\/2000\/svg\"><path d=\"M0 384.662V127.338c0-17.818 21.543-26.741 34.142-14.142l128.662 128.662c7.81 7.81 7.81 20.474 0 28.284L34.142 398.804C21.543 411.404 0 402.48 0 384.662z\"><\/path><\/svg><\/span>\n\t\t\t\t\t\t\t\t<span class=\"elementor-toggle-icon-opened\"><svg class=\"elementor-toggle-icon-opened e-font-icon-svg e-fas-caret-up\" viewBox=\"0 0 320 512\" xmlns=\"http:\/\/www.w3.org\/2000\/svg\"><path d=\"M288.662 352H31.338c-17.818 0-26.741-21.543-14.142-34.142l128.662-128.662c7.81-7.81 20.474-7.81 28.284 0l128.662 128.662c12.6 12.599 3.676 34.142-14.142 34.142z\"><\/path><\/svg><\/span>\n\t\t\t\t\t\t\t\t\t\t\t\t\t<\/span>\n\t\t\t\t\t\t\t\t\t\t\t\t<a class=\"elementor-toggle-title\" tabindex=\"0\">Aplicaci\u00f3n<\/a>\n\t\t\t\t\t<\/div>\n\n\t\t\t\t\t<div id=\"elementor-tab-content-2443\" class=\"elementor-tab-content elementor-clearfix\" data-tab=\"3\" role=\"region\" aria-labelledby=\"elementor-tab-title-2443\"><ol><li><span style=\"font-weight: 400;\">Aplique el producto con la piel limpia y seca.<\/span><\/li><li><span style=\"font-weight: 400;\">Masajee hasta que el producto se absorba por completo.<\/span><\/li><li><span style=\"font-weight: 400;\">Para obtener resultados m\u00e1s efectivos, considere incorporar t\u00e9cnicas de mesoterapia virtual o microagujas.<\/span><\/li><\/ol><\/div>\n\t\t\t\t<\/div>\n\t\t\t\t\t\t\t<div class=\"elementor-toggle-item\">\n\t\t\t\t\t<div id=\"elementor-tab-title-2444\" class=\"elementor-tab-title\" data-tab=\"4\" role=\"button\" aria-controls=\"elementor-tab-content-2444\" aria-expanded=\"false\">\n\t\t\t\t\t\t\t\t\t\t\t\t<span class=\"elementor-toggle-icon elementor-toggle-icon-left\" aria-hidden=\"true\">\n\t\t\t\t\t\t\t\t\t\t\t\t\t\t\t<span class=\"elementor-toggle-icon-closed\"><svg class=\"e-font-icon-svg e-fas-caret-right\" viewBox=\"0 0 192 512\" xmlns=\"http:\/\/www.w3.org\/2000\/svg\"><path d=\"M0 384.662V127.338c0-17.818 21.543-26.741 34.142-14.142l128.662 128.662c7.81 7.81 7.81 20.474 0 28.284L34.142 398.804C21.543 411.404 0 402.48 0 384.662z\"><\/path><\/svg><\/span>\n\t\t\t\t\t\t\t\t<span class=\"elementor-toggle-icon-opened\"><svg class=\"elementor-toggle-icon-opened e-font-icon-svg e-fas-caret-up\" viewBox=\"0 0 320 512\" xmlns=\"http:\/\/www.w3.org\/2000\/svg\"><path d=\"M288.662 352H31.338c-17.818 0-26.741-21.543-14.142-34.142l128.662-128.662c7.81-7.81 20.474-7.81 28.284 0l128.662 128.662c12.6 12.599 3.676 34.142-14.142 34.142z\"><\/path><\/svg><\/span>\n\t\t\t\t\t\t\t\t\t\t\t\t\t<\/span>\n\t\t\t\t\t\t\t\t\t\t\t\t<a class=\"elementor-toggle-title\" tabindex=\"0\">Presentaci\u00f3n<\/a>\n\t\t\t\t\t<\/div>\n\n\t\t\t\t\t<div id=\"elementor-tab-content-2444\" class=\"elementor-tab-content elementor-clearfix\" data-tab=\"4\" role=\"region\" aria-labelledby=\"elementor-tab-title-2444\"><p>5 viales x 10 ml<\/p><\/div>\n\t\t\t\t<\/div>\n\t\t\t\t\t\t\t<div class=\"elementor-toggle-item\">\n\t\t\t\t\t<div id=\"elementor-tab-title-2445\" class=\"elementor-tab-title\" data-tab=\"5\" role=\"button\" aria-controls=\"elementor-tab-content-2445\" aria-expanded=\"false\">\n\t\t\t\t\t\t\t\t\t\t\t\t<span class=\"elementor-toggle-icon elementor-toggle-icon-left\" aria-hidden=\"true\">\n\t\t\t\t\t\t\t\t\t\t\t\t\t\t\t<span class=\"elementor-toggle-icon-closed\"><svg class=\"e-font-icon-svg e-fas-caret-right\" viewBox=\"0 0 192 512\" xmlns=\"http:\/\/www.w3.org\/2000\/svg\"><path d=\"M0 384.662V127.338c0-17.818 21.543-26.741 34.142-14.142l128.662 128.662c7.81 7.81 7.81 20.474 0 28.284L34.142 398.804C21.543 411.404 0 402.48 0 384.662z\"><\/path><\/svg><\/span>\n\t\t\t\t\t\t\t\t<span class=\"elementor-toggle-icon-opened\"><svg class=\"elementor-toggle-icon-opened e-font-icon-svg e-fas-caret-up\" viewBox=\"0 0 320 512\" xmlns=\"http:\/\/www.w3.org\/2000\/svg\"><path d=\"M288.662 352H31.338c-17.818 0-26.741-21.543-14.142-34.142l128.662-128.662c7.81-7.81 20.474-7.81 28.284 0l128.662 128.662c12.6 12.599 3.676 34.142-14.142 34.142z\"><\/path><\/svg><\/span>\n\t\t\t\t\t\t\t\t\t\t\t\t\t<\/span>\n\t\t\t\t\t\t\t\t\t\t\t\t<a class=\"elementor-toggle-title\" tabindex=\"0\">Protocolo<\/a>\n\t\t\t\t\t<\/div>\n\n\t\t\t\t\t<div id=\"elementor-tab-content-2445\" class=\"elementor-tab-content elementor-clearfix\" data-tab=\"5\" role=\"region\" aria-labelledby=\"elementor-tab-title-2445\"><p><span style=\"font-weight: 400;\">Para obtener resultados \u00f3ptimos, realiza un m\u00ednimo de cuatro sesiones, espaciadas cada 8 a 12 d\u00edas, lo que garantiza un progreso y crecimiento constantes.<\/span><\/p><\/div>\n\t\t\t\t<\/div>\n\t\t\t\t\t\t\t\t<\/div>\n\t\t\t\t\t\t<\/div>\n\t\t\t\t<\/div>\n\t\t\t\t\t<\/div>\n\t\t\t\t<\/div>\n\t\t\t\t<\/div>\n\t\t","protected":false},"excerpt":{"rendered":"<p><span style=\"font-weight: 400;\">Tratamiento reafirmante y blanqueador<\/span><\/p>\n<p><span style=\"font-weight: 400;\">Mejora tu rutina de cuidado de la piel con nuestro<br \/>\nTratamiento Blanqueador y Reafirmante <\/span><b>BLANCA<\/b>. <span style=\"font-weight: 400;\">Formulado con potentes ingredientes como el \u00e1cido tranex\u00e1mico y el \u00e1cido hialur\u00f3nico, nutre la piel de forma espec\u00edfica para una tez m\u00e1s luminosa y firme. <\/span><\/p>\n","protected":false},"featured_media":16522,"template":"","meta":[],"product_brand":[],"product_cat":[79],"product_tag":[],"class_list":{"0":"post-16622","1":"product","2":"type-product","3":"status-publish","4":"has-post-thumbnail","6":"product_cat-c-boost-es","8":"first","9":"instock","10":"shipping-taxable","11":"product-type-simple"},"yoast_head":"<!-- This site is optimized with the Yoast SEO plugin v25.0 - https:\/\/yoast.com\/wordpress\/plugins\/seo\/ -->\n<title>Clavea Blanca - Clavea<\/title>\n<meta name=\"robots\" content=\"index, follow, max-snippet:-1, max-image-preview:large, max-video-preview:-1\" \/>\n<link rel=\"canonical\" href=\"http:\/\/clavea.com\/es\/product\/clavea-blanca\/\" \/>\n<meta property=\"og:locale\" content=\"es_ES\" \/>\n<meta property=\"og:type\" content=\"article\" \/>\n<meta property=\"og:title\" content=\"Clavea Blanca - Clavea\" \/>\n<meta property=\"og:description\" content=\"Tratamiento reafirmante y blanqueador  Mejora tu rutina de cuidado de la piel con nuestro Tratamiento Blanqueador y Reafirmante BLANCA. Formulado con potentes ingredientes como el \u00e1cido tranex\u00e1mico y el \u00e1cido hialur\u00f3nico, nutre la piel de forma espec\u00edfica para una tez m\u00e1s luminosa y firme.\" \/>\n<meta property=\"og:url\" content=\"http:\/\/clavea.com\/es\/product\/clavea-blanca\/\" \/>\n<meta property=\"og:site_name\" content=\"Clavea\" \/>\n<meta property=\"article:publisher\" content=\"https:\/\/www.facebook.com\/profile.php?id=61555035301981\" \/>\n<meta property=\"article:modified_time\" content=\"2025-06-19T20:14:55+00:00\" \/>\n<meta property=\"og:image\" content=\"https:\/\/clavea.com\/wp-content\/uploads\/2024\/03\/Side_Clavea-Blanca.jpg\" \/>\n\t<meta property=\"og:image:width\" content=\"1077\" \/>\n\t<meta property=\"og:image:height\" content=\"1091\" \/>\n\t<meta property=\"og:image:type\" content=\"image\/jpeg\" \/>\n<meta name=\"twitter:card\" content=\"summary_large_image\" \/>\n<meta name=\"twitter:label1\" content=\"Tiempo de lectura\" \/>\n\t<meta name=\"twitter:data1\" content=\"3 minutos\" \/>\n<script type=\"application\/ld+json\" class=\"yoast-schema-graph\">{\"@context\":\"https:\/\/schema.org\",\"@graph\":[{\"@type\":\"WebPage\",\"@id\":\"http:\/\/clavea.com\/es\/product\/clavea-blanca\/\",\"url\":\"http:\/\/clavea.com\/es\/product\/clavea-blanca\/\",\"name\":\"Clavea Blanca - Clavea\",\"isPartOf\":{\"@id\":\"http:\/\/clavea.com\/es\/#website\"},\"primaryImageOfPage\":{\"@id\":\"http:\/\/clavea.com\/es\/product\/clavea-blanca\/#primaryimage\"},\"image\":{\"@id\":\"http:\/\/clavea.com\/es\/product\/clavea-blanca\/#primaryimage\"},\"thumbnailUrl\":\"http:\/\/clavea.com\/wp-content\/uploads\/2024\/03\/Side_Clavea-Blanca.jpg\",\"datePublished\":\"2024-03-19T14:16:07+00:00\",\"dateModified\":\"2025-06-19T20:14:55+00:00\",\"breadcrumb\":{\"@id\":\"http:\/\/clavea.com\/es\/product\/clavea-blanca\/#breadcrumb\"},\"inLanguage\":\"es\",\"potentialAction\":[{\"@type\":\"ReadAction\",\"target\":[\"http:\/\/clavea.com\/es\/product\/clavea-blanca\/\"]}]},{\"@type\":\"ImageObject\",\"inLanguage\":\"es\",\"@id\":\"http:\/\/clavea.com\/es\/product\/clavea-blanca\/#primaryimage\",\"url\":\"http:\/\/clavea.com\/wp-content\/uploads\/2024\/03\/Side_Clavea-Blanca.jpg\",\"contentUrl\":\"http:\/\/clavea.com\/wp-content\/uploads\/2024\/03\/Side_Clavea-Blanca.jpg\",\"width\":1077,\"height\":1091},{\"@type\":\"BreadcrumbList\",\"@id\":\"http:\/\/clavea.com\/es\/product\/clavea-blanca\/#breadcrumb\",\"itemListElement\":[{\"@type\":\"ListItem\",\"position\":1,\"name\":\"Home\",\"item\":\"https:\/\/clavea.com\/es\/\"},{\"@type\":\"ListItem\",\"position\":2,\"name\":\"Productos\",\"item\":\"http:\/\/clavea.com\/es\/productos\/\"},{\"@type\":\"ListItem\",\"position\":3,\"name\":\"Clavea\u00ae Blanca\"}]},{\"@type\":\"WebSite\",\"@id\":\"http:\/\/clavea.com\/es\/#website\",\"url\":\"http:\/\/clavea.com\/es\/\",\"name\":\"Clavea\",\"description\":\"Redefining beauty through innovation and science\",\"publisher\":{\"@id\":\"http:\/\/clavea.com\/es\/#organization\"},\"potentialAction\":[{\"@type\":\"SearchAction\",\"target\":{\"@type\":\"EntryPoint\",\"urlTemplate\":\"http:\/\/clavea.com\/es\/?s={search_term_string}\"},\"query-input\":{\"@type\":\"PropertyValueSpecification\",\"valueRequired\":true,\"valueName\":\"search_term_string\"}}],\"inLanguage\":\"es\"},{\"@type\":\"Organization\",\"@id\":\"http:\/\/clavea.com\/es\/#organization\",\"name\":\"Clavea\",\"url\":\"http:\/\/clavea.com\/es\/\",\"logo\":{\"@type\":\"ImageObject\",\"inLanguage\":\"es\",\"@id\":\"http:\/\/clavea.com\/es\/#\/schema\/logo\/image\/\",\"url\":\"https:\/\/clavea.com\/wp-content\/uploads\/2024\/03\/Untitled-design-2024-03-22T173036.477.png\",\"contentUrl\":\"https:\/\/clavea.com\/wp-content\/uploads\/2024\/03\/Untitled-design-2024-03-22T173036.477.png\",\"width\":1080,\"height\":1080,\"caption\":\"Clavea\"},\"image\":{\"@id\":\"http:\/\/clavea.com\/es\/#\/schema\/logo\/image\/\"},\"sameAs\":[\"https:\/\/www.facebook.com\/profile.php?id=61555035301981\",\"https:\/\/www.instagram.com\/clavea.official\/\"]}]}<\/script>\n<!-- \/ Yoast SEO plugin. -->","yoast_head_json":{"title":"Clavea Blanca - Clavea","robots":{"index":"index","follow":"follow","max-snippet":"max-snippet:-1","max-image-preview":"max-image-preview:large","max-video-preview":"max-video-preview:-1"},"canonical":"http:\/\/clavea.com\/es\/product\/clavea-blanca\/","og_locale":"es_ES","og_type":"article","og_title":"Clavea Blanca - Clavea","og_description":"Tratamiento reafirmante y blanqueador  Mejora tu rutina de cuidado de la piel con nuestro Tratamiento Blanqueador y Reafirmante BLANCA. Formulado con potentes ingredientes como el \u00e1cido tranex\u00e1mico y el \u00e1cido hialur\u00f3nico, nutre la piel de forma espec\u00edfica para una tez m\u00e1s luminosa y firme.","og_url":"http:\/\/clavea.com\/es\/product\/clavea-blanca\/","og_site_name":"Clavea","article_publisher":"https:\/\/www.facebook.com\/profile.php?id=61555035301981","article_modified_time":"2025-06-19T20:14:55+00:00","og_image":[{"width":1077,"height":1091,"url":"https:\/\/clavea.com\/wp-content\/uploads\/2024\/03\/Side_Clavea-Blanca.jpg","type":"image\/jpeg"}],"twitter_card":"summary_large_image","twitter_misc":{"Tiempo de lectura":"3 minutos"},"schema":{"@context":"https:\/\/schema.org","@graph":[{"@type":"WebPage","@id":"http:\/\/clavea.com\/es\/product\/clavea-blanca\/","url":"http:\/\/clavea.com\/es\/product\/clavea-blanca\/","name":"Clavea Blanca - Clavea","isPartOf":{"@id":"http:\/\/clavea.com\/es\/#website"},"primaryImageOfPage":{"@id":"http:\/\/clavea.com\/es\/product\/clavea-blanca\/#primaryimage"},"image":{"@id":"http:\/\/clavea.com\/es\/product\/clavea-blanca\/#primaryimage"},"thumbnailUrl":"http:\/\/clavea.com\/wp-content\/uploads\/2024\/03\/Side_Clavea-Blanca.jpg","datePublished":"2024-03-19T14:16:07+00:00","dateModified":"2025-06-19T20:14:55+00:00","breadcrumb":{"@id":"http:\/\/clavea.com\/es\/product\/clavea-blanca\/#breadcrumb"},"inLanguage":"es","potentialAction":[{"@type":"ReadAction","target":["http:\/\/clavea.com\/es\/product\/clavea-blanca\/"]}]},{"@type":"ImageObject","inLanguage":"es","@id":"http:\/\/clavea.com\/es\/product\/clavea-blanca\/#primaryimage","url":"http:\/\/clavea.com\/wp-content\/uploads\/2024\/03\/Side_Clavea-Blanca.jpg","contentUrl":"http:\/\/clavea.com\/wp-content\/uploads\/2024\/03\/Side_Clavea-Blanca.jpg","width":1077,"height":1091},{"@type":"BreadcrumbList","@id":"http:\/\/clavea.com\/es\/product\/clavea-blanca\/#breadcrumb","itemListElement":[{"@type":"ListItem","position":1,"name":"Home","item":"https:\/\/clavea.com\/es\/"},{"@type":"ListItem","position":2,"name":"Productos","item":"http:\/\/clavea.com\/es\/productos\/"},{"@type":"ListItem","position":3,"name":"Clavea\u00ae Blanca"}]},{"@type":"WebSite","@id":"http:\/\/clavea.com\/es\/#website","url":"http:\/\/clavea.com\/es\/","name":"Clavea","description":"Redefining beauty through innovation and science","publisher":{"@id":"http:\/\/clavea.com\/es\/#organization"},"potentialAction":[{"@type":"SearchAction","target":{"@type":"EntryPoint","urlTemplate":"http:\/\/clavea.com\/es\/?s={search_term_string}"},"query-input":{"@type":"PropertyValueSpecification","valueRequired":true,"valueName":"search_term_string"}}],"inLanguage":"es"},{"@type":"Organization","@id":"http:\/\/clavea.com\/es\/#organization","name":"Clavea","url":"http:\/\/clavea.com\/es\/","logo":{"@type":"ImageObject","inLanguage":"es","@id":"http:\/\/clavea.com\/es\/#\/schema\/logo\/image\/","url":"https:\/\/clavea.com\/wp-content\/uploads\/2024\/03\/Untitled-design-2024-03-22T173036.477.png","contentUrl":"https:\/\/clavea.com\/wp-content\/uploads\/2024\/03\/Untitled-design-2024-03-22T173036.477.png","width":1080,"height":1080,"caption":"Clavea"},"image":{"@id":"http:\/\/clavea.com\/es\/#\/schema\/logo\/image\/"},"sameAs":["https:\/\/www.facebook.com\/profile.php?id=61555035301981","https:\/\/www.instagram.com\/clavea.official\/"]}]}},"_links":{"self":[{"href":"http:\/\/clavea.com\/es\/wp-json\/wp\/v2\/product\/16622","targetHints":{"allow":["GET"]}}],"collection":[{"href":"http:\/\/clavea.com\/es\/wp-json\/wp\/v2\/product"}],"about":[{"href":"http:\/\/clavea.com\/es\/wp-json\/wp\/v2\/types\/product"}],"version-history":[{"count":11,"href":"http:\/\/clavea.com\/es\/wp-json\/wp\/v2\/product\/16622\/revisions"}],"predecessor-version":[{"id":16760,"href":"http:\/\/clavea.com\/es\/wp-json\/wp\/v2\/product\/16622\/revisions\/16760"}],"wp:featuredmedia":[{"embeddable":true,"href":"http:\/\/clavea.com\/es\/wp-json\/wp\/v2\/media\/16522"}],"wp:attachment":[{"href":"http:\/\/clavea.com\/es\/wp-json\/wp\/v2\/media?parent=16622"}],"wp:term":[{"taxonomy":"product_brand","embeddable":true,"href":"http:\/\/clavea.com\/es\/wp-json\/wp\/v2\/product_brand?post=16622"},{"taxonomy":"product_cat","embeddable":true,"href":"http:\/\/clavea.com\/es\/wp-json\/wp\/v2\/product_cat?post=16622"},{"taxonomy":"product_tag","embeddable":true,"href":"http:\/\/clavea.com\/es\/wp-json\/wp\/v2\/product_tag?post=16622"}],"curies":[{"name":"wp","href":"https:\/\/api.w.org\/{rel}","templated":true}]}}