{"id":16624,"date":"2024-03-19T14:26:37","date_gmt":"2024-03-19T14:26:37","guid":{"rendered":"https:\/\/clavea.com\/product\/clavea-polynucleotides\/"},"modified":"2025-05-27T15:37:53","modified_gmt":"2025-05-27T15:37:53","slug":"clavea-polynucleotides","status":"publish","type":"product","link":"http:\/\/clavea.com\/es\/product\/clavea-polynucleotides\/","title":{"rendered":"Clavea<sup style=\"font-size:12px\">\u00ae<\/sup> Polynucleotides"},"content":{"rendered":"\t\t<div data-elementor-type=\"wp-post\" data-elementor-id=\"16624\" class=\"elementor elementor-16624 elementor-15688\">\n\t\t\t\t<div class=\"elementor-element elementor-element-54cf65c6 e-flex e-con-boxed e-con e-parent\" data-id=\"54cf65c6\" data-element_type=\"container\">\n\t\t\t\t\t<div class=\"e-con-inner\">\n\t\t\t\t<div class=\"elementor-element elementor-element-239903c elementor-widget elementor-widget-toggle\" data-id=\"239903c\" data-element_type=\"widget\" data-widget_type=\"toggle.default\">\n\t\t\t\t<div class=\"elementor-widget-container\">\n\t\t\t\t\t\t\t<div class=\"elementor-toggle\">\n\t\t\t\t\t\t\t<div class=\"elementor-toggle-item\">\n\t\t\t\t\t<div id=\"elementor-tab-title-3731\" class=\"elementor-tab-title\" data-tab=\"1\" role=\"button\" aria-controls=\"elementor-tab-content-3731\" aria-expanded=\"false\">\n\t\t\t\t\t\t\t\t\t\t\t\t<span class=\"elementor-toggle-icon elementor-toggle-icon-left\" aria-hidden=\"true\">\n\t\t\t\t\t\t\t\t\t\t\t\t\t\t\t<span class=\"elementor-toggle-icon-closed\"><svg class=\"e-font-icon-svg e-fas-caret-right\" viewBox=\"0 0 192 512\" xmlns=\"http:\/\/www.w3.org\/2000\/svg\"><path d=\"M0 384.662V127.338c0-17.818 21.543-26.741 34.142-14.142l128.662 128.662c7.81 7.81 7.81 20.474 0 28.284L34.142 398.804C21.543 411.404 0 402.48 0 384.662z\"><\/path><\/svg><\/span>\n\t\t\t\t\t\t\t\t<span class=\"elementor-toggle-icon-opened\"><svg class=\"elementor-toggle-icon-opened e-font-icon-svg e-fas-caret-up\" viewBox=\"0 0 320 512\" xmlns=\"http:\/\/www.w3.org\/2000\/svg\"><path d=\"M288.662 352H31.338c-17.818 0-26.741-21.543-14.142-34.142l128.662-128.662c7.81-7.81 20.474-7.81 28.284 0l128.662 128.662c12.6 12.599 3.676 34.142-14.142 34.142z\"><\/path><\/svg><\/span>\n\t\t\t\t\t\t\t\t\t\t\t\t\t<\/span>\n\t\t\t\t\t\t\t\t\t\t\t\t<a class=\"elementor-toggle-title\" tabindex=\"0\">Descripci\u00f3n<\/a>\n\t\t\t\t\t<\/div>\n\n\t\t\t\t\t<div id=\"elementor-tab-content-3731\" class=\"elementor-tab-content elementor-clearfix\" data-tab=\"1\" role=\"region\" aria-labelledby=\"elementor-tab-title-3731\"><p>Descubra la esencia del rejuvenecimiento de la piel con nuestra f\u00f3rmula<strong> CLAVEA Polinucle\u00f3tidos<\/strong> Hidratante y Restauradora de la Piel, una mezcla potente dise\u00f1ada para<br \/>transformar su cutis desde dentro. Enriquecida con potentes ingredientes como <strong>el \u00c1cido hialur\u00f3nico<\/strong>, el <strong>ADN <\/strong>y <strong>ARN hidrolizados<\/strong>, creamos una f\u00f3rmula avanzada que no solo repone la hidrataci\u00f3n, sino que tambi\u00e9n potencia la vitalidad de la piel para una apariencia radiante y revitalizada.<\/p><p><strong>El \u00c1cido hialur\u00f3nico<\/strong> act\u00faa como un im\u00e1n para la hidrataci\u00f3n, atrayendo la humedad profundamente a las capas de la piel y fij\u00e1ndola para una elasticidad duradera. <br \/>Combinada con <strong>el ADN<\/strong> y <strong>el ARN hidrolizados<\/strong>, que estimulan la reparaci\u00f3n y renovaci\u00f3n celular, esta f\u00f3rmula ofrece una potente combinaci\u00f3n rejuvenecedora que deja su piel con<br \/>un aspecto m\u00e1s suave, firme y radiante.<\/p><p><strong>La niacinamida,<\/strong>un potente ingrediente conocido por sus m\u00faltiples beneficios, aumenta a\u00fan m\u00e1s la eficacia de la f\u00f3rmula. Ayuda a mejorar la textura de la piel, minimizar la<br \/>apariencia de los poros y unificar su tono, mientras que sus propiedades antioxidantes protegen contra el da\u00f1o ambiental y promueven la salud general de esta.<\/p><p><strong>El acetil hexap\u00e9ptido-8,<\/strong> tambi\u00e9n conocido como <strong>argireline<\/strong>,es un p\u00e9ptido reconocido por sus propiedades antienvejecimiento. Act\u00faa relajando temporalmente los m\u00fasculos faciales, reduciendo la apariencia de l\u00edneas de expresi\u00f3n y arrugas, y promoviendo una tez m\u00e1s suave y juvenil.<\/p><p>Con su f\u00f3rmula suave pero eficaz, nuestra <strong>f\u00f3rmula CLAVEA<\/strong> Polinucleotydes Hidratante y Restauradora es apta para todo tipo de piel, brindando un impulso a la piel cansada y opaca. Recomendada para combatir la sequedad, los signos de la edad o simplemente buscando una luminosidad radiante, esta f\u00f3rmula multiusos es la soluci\u00f3n ideal para<br \/>una piel revitalizada y de aspecto juvenil.<\/p><p>Experimente la efectividad de nuestra f\u00f3rmula<strong> CLAVEA Polinucle\u00f3tidos<\/strong> Hidratante y Restauradora de la Piel y descubra el secreto para una piel radiante y rejuvenecida Mejore su rutina de cuidado facial con esta innovadora f\u00f3rmula y disfrute de una tez que irradia vitalidad, salud y belleza.<\/p><p>\u00a0<\/p><\/div>\n\t\t\t\t<\/div>\n\t\t\t\t\t\t\t<div class=\"elementor-toggle-item\">\n\t\t\t\t\t<div id=\"elementor-tab-title-3732\" class=\"elementor-tab-title\" data-tab=\"2\" role=\"button\" aria-controls=\"elementor-tab-content-3732\" aria-expanded=\"false\">\n\t\t\t\t\t\t\t\t\t\t\t\t<span class=\"elementor-toggle-icon elementor-toggle-icon-left\" aria-hidden=\"true\">\n\t\t\t\t\t\t\t\t\t\t\t\t\t\t\t<span class=\"elementor-toggle-icon-closed\"><svg class=\"e-font-icon-svg e-fas-caret-right\" viewBox=\"0 0 192 512\" xmlns=\"http:\/\/www.w3.org\/2000\/svg\"><path d=\"M0 384.662V127.338c0-17.818 21.543-26.741 34.142-14.142l128.662 128.662c7.81 7.81 7.81 20.474 0 28.284L34.142 398.804C21.543 411.404 0 402.48 0 384.662z\"><\/path><\/svg><\/span>\n\t\t\t\t\t\t\t\t<span class=\"elementor-toggle-icon-opened\"><svg class=\"elementor-toggle-icon-opened e-font-icon-svg e-fas-caret-up\" viewBox=\"0 0 320 512\" xmlns=\"http:\/\/www.w3.org\/2000\/svg\"><path d=\"M288.662 352H31.338c-17.818 0-26.741-21.543-14.142-34.142l128.662-128.662c7.81-7.81 20.474-7.81 28.284 0l128.662 128.662c12.6 12.599 3.676 34.142-14.142 34.142z\"><\/path><\/svg><\/span>\n\t\t\t\t\t\t\t\t\t\t\t\t\t<\/span>\n\t\t\t\t\t\t\t\t\t\t\t\t<a class=\"elementor-toggle-title\" tabindex=\"0\">Ingredientes<\/a>\n\t\t\t\t\t<\/div>\n\n\t\t\t\t\t<div id=\"elementor-tab-content-3732\" class=\"elementor-tab-content elementor-clearfix\" data-tab=\"2\" role=\"region\" aria-labelledby=\"elementor-tab-title-3732\"><ul><li style=\"font-weight: 400;\" aria-level=\"1\"><span style=\"font-weight: 400;\">Aqua<\/span><\/li><li style=\"font-weight: 400;\" aria-level=\"1\"><span style=\"font-weight: 400;\">Manitol<\/span><\/li><li style=\"font-weight: 400;\" aria-level=\"1\"><span style=\"font-weight: 400;\">\u00c1cido hialur\u00f3nico<\/span><\/li><li style=\"font-weight: 400;\" aria-level=\"1\"><span style=\"font-weight: 400;\">Propilenglycol<\/span><\/li><li style=\"font-weight: 400;\" aria-level=\"1\"><span style=\"font-weight: 400;\">ADN hidrolizado<\/span><\/li><li style=\"font-weight: 400;\" aria-level=\"1\"><span style=\"font-weight: 400;\">ARN hidrolizad<\/span><\/li><li style=\"font-weight: 400;\" aria-level=\"1\"><span style=\"font-weight: 400;\">Sodium phosphate<\/span><\/li><li style=\"font-weight: 400;\" aria-level=\"1\"><span style=\"font-weight: 400;\">Niacinamida<\/span><\/li><li style=\"font-weight: 400;\" aria-level=\"1\"><span style=\"font-weight: 400;\">Phenoxyethanol<\/span><\/li><li style=\"font-weight: 400;\" aria-level=\"1\"><span style=\"font-weight: 400;\">Tiamina HCl<\/span><\/li><li style=\"font-weight: 400;\" aria-level=\"1\"><span style=\"font-weight: 400;\">Fosfato de sodio<\/span><\/li><li style=\"font-weight: 400;\" aria-level=\"1\"><span style=\"font-weight: 400;\">Caprylil glycol<\/span><\/li><li style=\"font-weight: 400;\" aria-level=\"1\"><span style=\"font-weight: 400;\">Acetil hexap\u00e9ptido-8<\/span><\/li><\/ul><\/div>\n\t\t\t\t<\/div>\n\t\t\t\t\t\t\t<div class=\"elementor-toggle-item\">\n\t\t\t\t\t<div id=\"elementor-tab-title-3733\" class=\"elementor-tab-title\" data-tab=\"3\" role=\"button\" aria-controls=\"elementor-tab-content-3733\" aria-expanded=\"false\">\n\t\t\t\t\t\t\t\t\t\t\t\t<span class=\"elementor-toggle-icon elementor-toggle-icon-left\" aria-hidden=\"true\">\n\t\t\t\t\t\t\t\t\t\t\t\t\t\t\t<span class=\"elementor-toggle-icon-closed\"><svg class=\"e-font-icon-svg e-fas-caret-right\" viewBox=\"0 0 192 512\" xmlns=\"http:\/\/www.w3.org\/2000\/svg\"><path d=\"M0 384.662V127.338c0-17.818 21.543-26.741 34.142-14.142l128.662 128.662c7.81 7.81 7.81 20.474 0 28.284L34.142 398.804C21.543 411.404 0 402.48 0 384.662z\"><\/path><\/svg><\/span>\n\t\t\t\t\t\t\t\t<span class=\"elementor-toggle-icon-opened\"><svg class=\"elementor-toggle-icon-opened e-font-icon-svg e-fas-caret-up\" viewBox=\"0 0 320 512\" xmlns=\"http:\/\/www.w3.org\/2000\/svg\"><path d=\"M288.662 352H31.338c-17.818 0-26.741-21.543-14.142-34.142l128.662-128.662c7.81-7.81 20.474-7.81 28.284 0l128.662 128.662c12.6 12.599 3.676 34.142-14.142 34.142z\"><\/path><\/svg><\/span>\n\t\t\t\t\t\t\t\t\t\t\t\t\t<\/span>\n\t\t\t\t\t\t\t\t\t\t\t\t<a class=\"elementor-toggle-title\" tabindex=\"0\">Aplicaci\u00f3n<\/a>\n\t\t\t\t\t<\/div>\n\n\t\t\t\t\t<div id=\"elementor-tab-content-3733\" class=\"elementor-tab-content elementor-clearfix\" data-tab=\"3\" role=\"region\" aria-labelledby=\"elementor-tab-title-3733\"><ol><li><span style=\"font-weight: 400;\">Aplique el producto con la piel limpia y seca.<\/span><\/li><li><span style=\"font-weight: 400;\">Masajee hasta que el producto se absorba por completo.<\/span><\/li><li>Para obtener resultados m\u00e1s efectivos, considere incorporar<br \/>t\u00e9cnicas de mesoterapia virtual o microagujas.<\/li><\/ol><\/div>\n\t\t\t\t<\/div>\n\t\t\t\t\t\t\t<div class=\"elementor-toggle-item\">\n\t\t\t\t\t<div id=\"elementor-tab-title-3734\" class=\"elementor-tab-title\" data-tab=\"4\" role=\"button\" aria-controls=\"elementor-tab-content-3734\" aria-expanded=\"false\">\n\t\t\t\t\t\t\t\t\t\t\t\t<span class=\"elementor-toggle-icon elementor-toggle-icon-left\" aria-hidden=\"true\">\n\t\t\t\t\t\t\t\t\t\t\t\t\t\t\t<span class=\"elementor-toggle-icon-closed\"><svg class=\"e-font-icon-svg e-fas-caret-right\" viewBox=\"0 0 192 512\" xmlns=\"http:\/\/www.w3.org\/2000\/svg\"><path d=\"M0 384.662V127.338c0-17.818 21.543-26.741 34.142-14.142l128.662 128.662c7.81 7.81 7.81 20.474 0 28.284L34.142 398.804C21.543 411.404 0 402.48 0 384.662z\"><\/path><\/svg><\/span>\n\t\t\t\t\t\t\t\t<span class=\"elementor-toggle-icon-opened\"><svg class=\"elementor-toggle-icon-opened e-font-icon-svg e-fas-caret-up\" viewBox=\"0 0 320 512\" xmlns=\"http:\/\/www.w3.org\/2000\/svg\"><path d=\"M288.662 352H31.338c-17.818 0-26.741-21.543-14.142-34.142l128.662-128.662c7.81-7.81 20.474-7.81 28.284 0l128.662 128.662c12.6 12.599 3.676 34.142-14.142 34.142z\"><\/path><\/svg><\/span>\n\t\t\t\t\t\t\t\t\t\t\t\t\t<\/span>\n\t\t\t\t\t\t\t\t\t\t\t\t<a class=\"elementor-toggle-title\" tabindex=\"0\">Presentaci\u00f3n<\/a>\n\t\t\t\t\t<\/div>\n\n\t\t\t\t\t<div id=\"elementor-tab-content-3734\" class=\"elementor-tab-content elementor-clearfix\" data-tab=\"4\" role=\"region\" aria-labelledby=\"elementor-tab-title-3734\"><p><span style=\"font-weight: 400;\">5 viales x 10 ml<\/span><\/p><\/div>\n\t\t\t\t<\/div>\n\t\t\t\t\t\t\t<div class=\"elementor-toggle-item\">\n\t\t\t\t\t<div id=\"elementor-tab-title-3735\" class=\"elementor-tab-title\" data-tab=\"5\" role=\"button\" aria-controls=\"elementor-tab-content-3735\" aria-expanded=\"false\">\n\t\t\t\t\t\t\t\t\t\t\t\t<span class=\"elementor-toggle-icon elementor-toggle-icon-left\" aria-hidden=\"true\">\n\t\t\t\t\t\t\t\t\t\t\t\t\t\t\t<span class=\"elementor-toggle-icon-closed\"><svg class=\"e-font-icon-svg e-fas-caret-right\" viewBox=\"0 0 192 512\" xmlns=\"http:\/\/www.w3.org\/2000\/svg\"><path d=\"M0 384.662V127.338c0-17.818 21.543-26.741 34.142-14.142l128.662 128.662c7.81 7.81 7.81 20.474 0 28.284L34.142 398.804C21.543 411.404 0 402.48 0 384.662z\"><\/path><\/svg><\/span>\n\t\t\t\t\t\t\t\t<span class=\"elementor-toggle-icon-opened\"><svg class=\"elementor-toggle-icon-opened e-font-icon-svg e-fas-caret-up\" viewBox=\"0 0 320 512\" xmlns=\"http:\/\/www.w3.org\/2000\/svg\"><path d=\"M288.662 352H31.338c-17.818 0-26.741-21.543-14.142-34.142l128.662-128.662c7.81-7.81 20.474-7.81 28.284 0l128.662 128.662c12.6 12.599 3.676 34.142-14.142 34.142z\"><\/path><\/svg><\/span>\n\t\t\t\t\t\t\t\t\t\t\t\t\t<\/span>\n\t\t\t\t\t\t\t\t\t\t\t\t<a class=\"elementor-toggle-title\" tabindex=\"0\">Protocolo<\/a>\n\t\t\t\t\t<\/div>\n\n\t\t\t\t\t<div id=\"elementor-tab-content-3735\" class=\"elementor-tab-content elementor-clearfix\" data-tab=\"5\" role=\"region\" aria-labelledby=\"elementor-tab-title-3735\"><p><span style=\"font-weight: 400;\">Para obtener resultados \u00f3ptimos, realiza un m\u00ednimo de<br \/>cuatro sesiones, espaciadas cada 8 a 12 d\u00edas, lo que<br \/>garantiza un progreso y crecimiento constantes.<\/span><\/p><\/div>\n\t\t\t\t<\/div>\n\t\t\t\t\t\t\t\t<\/div>\n\t\t\t\t\t\t<\/div>\n\t\t\t\t<\/div>\n\t\t\t\t\t<\/div>\n\t\t\t\t<\/div>\n\t\t\t\t<\/div>\n\t\t","protected":false},"excerpt":{"rendered":"<p><span style=\"font-weight: 400;\">Hidrataci\u00f3n y Restauraci\u00f3n de la Piel<\/span><\/p>\n<p><span style=\"font-weight: 400;\">Experimente un rejuvenecimiento cut\u00e1neo excepcional con<br \/>nuestra f\u00f3rmula Hidratante y Restauradora de la <\/span><b>Piel con<br \/>Polinucle\u00f3tidos<\/b><span style=\"font-weight: 400;\"> Enriquecida con \u00c1cido hialur\u00f3nico y<br \/>niacinamida, proporciona una hidrataci\u00f3n intensa a la vez<br \/>que revitaliza la piel para una tez radiante y revitalizada. <\/span><\/p>\n","protected":false},"featured_media":16527,"template":"","meta":[],"product_brand":[],"product_cat":[79],"product_tag":[],"class_list":{"0":"post-16624","1":"product","2":"type-product","3":"status-publish","4":"has-post-thumbnail","6":"product_cat-c-boost-es","8":"first","9":"instock","10":"shipping-taxable","11":"product-type-simple"},"yoast_head":"<!-- This site is optimized with the Yoast SEO plugin v25.0 - https:\/\/yoast.com\/wordpress\/plugins\/seo\/ -->\n<title>Clavea Polynucleotides - Clavea<\/title>\n<meta name=\"robots\" content=\"index, follow, max-snippet:-1, max-image-preview:large, max-video-preview:-1\" \/>\n<link rel=\"canonical\" href=\"http:\/\/clavea.com\/es\/product\/clavea-polynucleotides\/\" \/>\n<meta property=\"og:locale\" content=\"es_ES\" \/>\n<meta property=\"og:type\" content=\"article\" \/>\n<meta property=\"og:title\" content=\"Clavea Polynucleotides - Clavea\" \/>\n<meta property=\"og:description\" content=\"Hidrataci\u00f3n y Restauraci\u00f3n de la Piel Experimente un rejuvenecimiento cut\u00e1neo excepcional connuestra f\u00f3rmula Hidratante y Restauradora de la Piel conPolinucle\u00f3tidos Enriquecida con \u00c1cido hialur\u00f3nico yniacinamida, proporciona una hidrataci\u00f3n intensa a la vezque revitaliza la piel para una tez radiante y revitalizada.\" \/>\n<meta property=\"og:url\" content=\"http:\/\/clavea.com\/es\/product\/clavea-polynucleotides\/\" \/>\n<meta property=\"og:site_name\" content=\"Clavea\" \/>\n<meta property=\"article:publisher\" content=\"https:\/\/www.facebook.com\/profile.php?id=61555035301981\" \/>\n<meta property=\"article:modified_time\" content=\"2025-05-27T15:37:53+00:00\" \/>\n<meta property=\"og:image\" content=\"https:\/\/clavea.com\/wp-content\/uploads\/2024\/03\/Side_Clavea-Polynucleotides.jpg\" \/>\n\t<meta property=\"og:image:width\" content=\"1077\" \/>\n\t<meta property=\"og:image:height\" content=\"1091\" \/>\n\t<meta property=\"og:image:type\" content=\"image\/jpeg\" \/>\n<meta name=\"twitter:card\" content=\"summary_large_image\" \/>\n<meta name=\"twitter:label1\" content=\"Tiempo de lectura\" \/>\n\t<meta name=\"twitter:data1\" content=\"2 minutos\" \/>\n<script type=\"application\/ld+json\" class=\"yoast-schema-graph\">{\"@context\":\"https:\/\/schema.org\",\"@graph\":[{\"@type\":\"WebPage\",\"@id\":\"http:\/\/clavea.com\/es\/product\/clavea-polynucleotides\/\",\"url\":\"http:\/\/clavea.com\/es\/product\/clavea-polynucleotides\/\",\"name\":\"Clavea Polynucleotides - Clavea\",\"isPartOf\":{\"@id\":\"http:\/\/clavea.com\/es\/#website\"},\"primaryImageOfPage\":{\"@id\":\"http:\/\/clavea.com\/es\/product\/clavea-polynucleotides\/#primaryimage\"},\"image\":{\"@id\":\"http:\/\/clavea.com\/es\/product\/clavea-polynucleotides\/#primaryimage\"},\"thumbnailUrl\":\"http:\/\/clavea.com\/wp-content\/uploads\/2024\/03\/Side_Clavea-Polynucleotides.jpg\",\"datePublished\":\"2024-03-19T14:26:37+00:00\",\"dateModified\":\"2025-05-27T15:37:53+00:00\",\"breadcrumb\":{\"@id\":\"http:\/\/clavea.com\/es\/product\/clavea-polynucleotides\/#breadcrumb\"},\"inLanguage\":\"es\",\"potentialAction\":[{\"@type\":\"ReadAction\",\"target\":[\"http:\/\/clavea.com\/es\/product\/clavea-polynucleotides\/\"]}]},{\"@type\":\"ImageObject\",\"inLanguage\":\"es\",\"@id\":\"http:\/\/clavea.com\/es\/product\/clavea-polynucleotides\/#primaryimage\",\"url\":\"http:\/\/clavea.com\/wp-content\/uploads\/2024\/03\/Side_Clavea-Polynucleotides.jpg\",\"contentUrl\":\"http:\/\/clavea.com\/wp-content\/uploads\/2024\/03\/Side_Clavea-Polynucleotides.jpg\",\"width\":1077,\"height\":1091},{\"@type\":\"BreadcrumbList\",\"@id\":\"http:\/\/clavea.com\/es\/product\/clavea-polynucleotides\/#breadcrumb\",\"itemListElement\":[{\"@type\":\"ListItem\",\"position\":1,\"name\":\"Home\",\"item\":\"https:\/\/clavea.com\/es\/\"},{\"@type\":\"ListItem\",\"position\":2,\"name\":\"Productos\",\"item\":\"http:\/\/clavea.com\/es\/productos\/\"},{\"@type\":\"ListItem\",\"position\":3,\"name\":\"Clavea\u00ae Polynucleotides\"}]},{\"@type\":\"WebSite\",\"@id\":\"http:\/\/clavea.com\/es\/#website\",\"url\":\"http:\/\/clavea.com\/es\/\",\"name\":\"Clavea\",\"description\":\"Redefining beauty through innovation and science\",\"publisher\":{\"@id\":\"http:\/\/clavea.com\/es\/#organization\"},\"potentialAction\":[{\"@type\":\"SearchAction\",\"target\":{\"@type\":\"EntryPoint\",\"urlTemplate\":\"http:\/\/clavea.com\/es\/?s={search_term_string}\"},\"query-input\":{\"@type\":\"PropertyValueSpecification\",\"valueRequired\":true,\"valueName\":\"search_term_string\"}}],\"inLanguage\":\"es\"},{\"@type\":\"Organization\",\"@id\":\"http:\/\/clavea.com\/es\/#organization\",\"name\":\"Clavea\",\"url\":\"http:\/\/clavea.com\/es\/\",\"logo\":{\"@type\":\"ImageObject\",\"inLanguage\":\"es\",\"@id\":\"http:\/\/clavea.com\/es\/#\/schema\/logo\/image\/\",\"url\":\"https:\/\/clavea.com\/wp-content\/uploads\/2024\/03\/Untitled-design-2024-03-22T173036.477.png\",\"contentUrl\":\"https:\/\/clavea.com\/wp-content\/uploads\/2024\/03\/Untitled-design-2024-03-22T173036.477.png\",\"width\":1080,\"height\":1080,\"caption\":\"Clavea\"},\"image\":{\"@id\":\"http:\/\/clavea.com\/es\/#\/schema\/logo\/image\/\"},\"sameAs\":[\"https:\/\/www.facebook.com\/profile.php?id=61555035301981\",\"https:\/\/www.instagram.com\/clavea.official\/\"]}]}<\/script>\n<!-- \/ Yoast SEO plugin. -->","yoast_head_json":{"title":"Clavea Polynucleotides - Clavea","robots":{"index":"index","follow":"follow","max-snippet":"max-snippet:-1","max-image-preview":"max-image-preview:large","max-video-preview":"max-video-preview:-1"},"canonical":"http:\/\/clavea.com\/es\/product\/clavea-polynucleotides\/","og_locale":"es_ES","og_type":"article","og_title":"Clavea Polynucleotides - Clavea","og_description":"Hidrataci\u00f3n y Restauraci\u00f3n de la Piel Experimente un rejuvenecimiento cut\u00e1neo excepcional connuestra f\u00f3rmula Hidratante y Restauradora de la Piel conPolinucle\u00f3tidos Enriquecida con \u00c1cido hialur\u00f3nico yniacinamida, proporciona una hidrataci\u00f3n intensa a la vezque revitaliza la piel para una tez radiante y revitalizada.","og_url":"http:\/\/clavea.com\/es\/product\/clavea-polynucleotides\/","og_site_name":"Clavea","article_publisher":"https:\/\/www.facebook.com\/profile.php?id=61555035301981","article_modified_time":"2025-05-27T15:37:53+00:00","og_image":[{"width":1077,"height":1091,"url":"https:\/\/clavea.com\/wp-content\/uploads\/2024\/03\/Side_Clavea-Polynucleotides.jpg","type":"image\/jpeg"}],"twitter_card":"summary_large_image","twitter_misc":{"Tiempo de lectura":"2 minutos"},"schema":{"@context":"https:\/\/schema.org","@graph":[{"@type":"WebPage","@id":"http:\/\/clavea.com\/es\/product\/clavea-polynucleotides\/","url":"http:\/\/clavea.com\/es\/product\/clavea-polynucleotides\/","name":"Clavea Polynucleotides - Clavea","isPartOf":{"@id":"http:\/\/clavea.com\/es\/#website"},"primaryImageOfPage":{"@id":"http:\/\/clavea.com\/es\/product\/clavea-polynucleotides\/#primaryimage"},"image":{"@id":"http:\/\/clavea.com\/es\/product\/clavea-polynucleotides\/#primaryimage"},"thumbnailUrl":"http:\/\/clavea.com\/wp-content\/uploads\/2024\/03\/Side_Clavea-Polynucleotides.jpg","datePublished":"2024-03-19T14:26:37+00:00","dateModified":"2025-05-27T15:37:53+00:00","breadcrumb":{"@id":"http:\/\/clavea.com\/es\/product\/clavea-polynucleotides\/#breadcrumb"},"inLanguage":"es","potentialAction":[{"@type":"ReadAction","target":["http:\/\/clavea.com\/es\/product\/clavea-polynucleotides\/"]}]},{"@type":"ImageObject","inLanguage":"es","@id":"http:\/\/clavea.com\/es\/product\/clavea-polynucleotides\/#primaryimage","url":"http:\/\/clavea.com\/wp-content\/uploads\/2024\/03\/Side_Clavea-Polynucleotides.jpg","contentUrl":"http:\/\/clavea.com\/wp-content\/uploads\/2024\/03\/Side_Clavea-Polynucleotides.jpg","width":1077,"height":1091},{"@type":"BreadcrumbList","@id":"http:\/\/clavea.com\/es\/product\/clavea-polynucleotides\/#breadcrumb","itemListElement":[{"@type":"ListItem","position":1,"name":"Home","item":"https:\/\/clavea.com\/es\/"},{"@type":"ListItem","position":2,"name":"Productos","item":"http:\/\/clavea.com\/es\/productos\/"},{"@type":"ListItem","position":3,"name":"Clavea\u00ae Polynucleotides"}]},{"@type":"WebSite","@id":"http:\/\/clavea.com\/es\/#website","url":"http:\/\/clavea.com\/es\/","name":"Clavea","description":"Redefining beauty through innovation and science","publisher":{"@id":"http:\/\/clavea.com\/es\/#organization"},"potentialAction":[{"@type":"SearchAction","target":{"@type":"EntryPoint","urlTemplate":"http:\/\/clavea.com\/es\/?s={search_term_string}"},"query-input":{"@type":"PropertyValueSpecification","valueRequired":true,"valueName":"search_term_string"}}],"inLanguage":"es"},{"@type":"Organization","@id":"http:\/\/clavea.com\/es\/#organization","name":"Clavea","url":"http:\/\/clavea.com\/es\/","logo":{"@type":"ImageObject","inLanguage":"es","@id":"http:\/\/clavea.com\/es\/#\/schema\/logo\/image\/","url":"https:\/\/clavea.com\/wp-content\/uploads\/2024\/03\/Untitled-design-2024-03-22T173036.477.png","contentUrl":"https:\/\/clavea.com\/wp-content\/uploads\/2024\/03\/Untitled-design-2024-03-22T173036.477.png","width":1080,"height":1080,"caption":"Clavea"},"image":{"@id":"http:\/\/clavea.com\/es\/#\/schema\/logo\/image\/"},"sameAs":["https:\/\/www.facebook.com\/profile.php?id=61555035301981","https:\/\/www.instagram.com\/clavea.official\/"]}]}},"_links":{"self":[{"href":"http:\/\/clavea.com\/es\/wp-json\/wp\/v2\/product\/16624","targetHints":{"allow":["GET"]}}],"collection":[{"href":"http:\/\/clavea.com\/es\/wp-json\/wp\/v2\/product"}],"about":[{"href":"http:\/\/clavea.com\/es\/wp-json\/wp\/v2\/types\/product"}],"version-history":[{"count":6,"href":"http:\/\/clavea.com\/es\/wp-json\/wp\/v2\/product\/16624\/revisions"}],"predecessor-version":[{"id":16652,"href":"http:\/\/clavea.com\/es\/wp-json\/wp\/v2\/product\/16624\/revisions\/16652"}],"wp:featuredmedia":[{"embeddable":true,"href":"http:\/\/clavea.com\/es\/wp-json\/wp\/v2\/media\/16527"}],"wp:attachment":[{"href":"http:\/\/clavea.com\/es\/wp-json\/wp\/v2\/media?parent=16624"}],"wp:term":[{"taxonomy":"product_brand","embeddable":true,"href":"http:\/\/clavea.com\/es\/wp-json\/wp\/v2\/product_brand?post=16624"},{"taxonomy":"product_cat","embeddable":true,"href":"http:\/\/clavea.com\/es\/wp-json\/wp\/v2\/product_cat?post=16624"},{"taxonomy":"product_tag","embeddable":true,"href":"http:\/\/clavea.com\/es\/wp-json\/wp\/v2\/product_tag?post=16624"}],"curies":[{"name":"wp","href":"https:\/\/api.w.org\/{rel}","templated":true}]}}