{"id":16628,"date":"2024-10-21T16:45:08","date_gmt":"2024-10-21T16:45:08","guid":{"rendered":"https:\/\/clavea.com\/product\/clavea-collagen\/"},"modified":"2025-06-30T13:16:29","modified_gmt":"2025-06-30T13:16:29","slug":"clavea-collagen","status":"publish","type":"product","link":"http:\/\/clavea.com\/es\/product\/clavea-collagen\/","title":{"rendered":"Clavea<sup style=\"font-size:12px\">\u00ae<\/sup> Collagen"},"content":{"rendered":"\t\t<div data-elementor-type=\"wp-post\" data-elementor-id=\"16628\" class=\"elementor elementor-16628 elementor-16122\">\n\t\t\t\t<div class=\"elementor-element elementor-element-f8246af e-flex e-con-boxed e-con e-parent\" data-id=\"f8246af\" data-element_type=\"container\">\n\t\t\t\t\t<div class=\"e-con-inner\">\n\t\t\t\t<div class=\"elementor-element elementor-element-031d324 elementor-widget elementor-widget-toggle\" data-id=\"031d324\" data-element_type=\"widget\" data-widget_type=\"toggle.default\">\n\t\t\t\t<div class=\"elementor-widget-container\">\n\t\t\t\t\t\t\t<div class=\"elementor-toggle\">\n\t\t\t\t\t\t\t<div class=\"elementor-toggle-item\">\n\t\t\t\t\t<div id=\"elementor-tab-title-3261\" class=\"elementor-tab-title\" data-tab=\"1\" role=\"button\" aria-controls=\"elementor-tab-content-3261\" aria-expanded=\"false\">\n\t\t\t\t\t\t\t\t\t\t\t\t<span class=\"elementor-toggle-icon elementor-toggle-icon-left\" aria-hidden=\"true\">\n\t\t\t\t\t\t\t\t\t\t\t\t\t\t\t<span class=\"elementor-toggle-icon-closed\"><svg class=\"e-font-icon-svg e-fas-caret-right\" viewBox=\"0 0 192 512\" xmlns=\"http:\/\/www.w3.org\/2000\/svg\"><path d=\"M0 384.662V127.338c0-17.818 21.543-26.741 34.142-14.142l128.662 128.662c7.81 7.81 7.81 20.474 0 28.284L34.142 398.804C21.543 411.404 0 402.48 0 384.662z\"><\/path><\/svg><\/span>\n\t\t\t\t\t\t\t\t<span class=\"elementor-toggle-icon-opened\"><svg class=\"elementor-toggle-icon-opened e-font-icon-svg e-fas-caret-up\" viewBox=\"0 0 320 512\" xmlns=\"http:\/\/www.w3.org\/2000\/svg\"><path d=\"M288.662 352H31.338c-17.818 0-26.741-21.543-14.142-34.142l128.662-128.662c7.81-7.81 20.474-7.81 28.284 0l128.662 128.662c12.6 12.599 3.676 34.142-14.142 34.142z\"><\/path><\/svg><\/span>\n\t\t\t\t\t\t\t\t\t\t\t\t\t<\/span>\n\t\t\t\t\t\t\t\t\t\t\t\t<a class=\"elementor-toggle-title\" tabindex=\"0\">Descripci\u00f3n<\/a>\n\t\t\t\t\t<\/div>\n\n\t\t\t\t\t<div id=\"elementor-tab-content-3261\" class=\"elementor-tab-content elementor-clearfix\" data-tab=\"1\" role=\"region\" aria-labelledby=\"elementor-tab-title-3261\"><p><strong>CLAVEA\u00ae COLLAGEN<\/strong> es un innovador potenciador de la piel, meticulosamente formulado para rejuvenecer y combatir los signos visibles del envejecimiento. La base de este innovador producto es el col\u00e1geno tipo III de bioingenier\u00eda, producido mediante un proceso patentado de fermentaci\u00f3n de levadura. Este m\u00e9todo sostenible garantiza que el col\u00e1geno no solo sea de alta calidad, sino que tambi\u00e9n se asemeje al col\u00e1geno humano, ofreciendo una compatibilidad \u00f3ptima con la piel.  <\/p>\n<p>Lo que realmente distingue a <strong>CLAVEA\u00ae COLLAGEN<\/strong> es su dise\u00f1o de secuencia basado en IA. Esta tecnolog\u00eda avanzada analiza rigurosamente m\u00e1s de 1000 fragmentos de col\u00e1geno natural para identificar la secuencia de amino\u00e1cidos m\u00e1s eficaz. La f\u00f3rmula resultante presenta una mezcla \u00fanica rica en sitios de uni\u00f3n de integrinas, que desempe\u00f1an un papel crucial en la promoci\u00f3n de la adhesi\u00f3n celular y la regeneraci\u00f3n tisular. Este enfoque espec\u00edfico mejora los procesos naturales de reparaci\u00f3n de la piel, mejorando su elasticidad y firmeza.   <\/p>\n<p>Adem\u00e1s de su potente contenido de col\u00e1geno, <strong>CLAVEA\u00ae COLLAGEN<\/strong> incorpora \u00e1cido hialur\u00f3nico de alto peso molecular, conocido por su excepcional capacidad para atraer y retener la humedad. Este ingrediente act\u00faa sin\u00e9rgicamente con los p\u00e9ptidos de la f\u00f3rmula para proporcionar una hidrataci\u00f3n intensa, rellenar la piel y reducir la apariencia de l\u00edneas de expresi\u00f3n y arrugas. La f\u00f3rmula tambi\u00e9n incluye p\u00e9ptidos bioactivos que favorecen la s\u00edntesis de col\u00e1geno y ayudan a mantener la integridad estructural de la piel.  <\/p>\n<p>Adem\u00e1s,<strong> CLAVEA\u00ae COL<\/strong> \u00c1GENO promueve actividades celulares como la proliferaci\u00f3n y la migraci\u00f3n, al tiempo que inhibe eficazmente los factores inflamatorios. Esto lo convierte en una opci\u00f3n ideal para la piel sensible, garantizando que los usuarios puedan experimentar sus beneficios sin irritaci\u00f3n.<br \/>Con un uso regular, <strong>CLAVEA\u00ae COLLAGEN<\/strong> no s\u00f3lo mejora la hidrataci\u00f3n y la resistencia de la piel, sino que tambi\u00e9n proporciona un brillo visiblemente radiante y juvenil. Adopta el futuro del cuidado de la piel con esta soluci\u00f3n avanzada, en la que la tecnolog\u00eda de vanguardia se une a un eficaz cuidado antienvejecimiento para una experiencia cut\u00e1nea transformadora.  <\/p>\n<\/div>\n\t\t\t\t<\/div>\n\t\t\t\t\t\t\t<div class=\"elementor-toggle-item\">\n\t\t\t\t\t<div id=\"elementor-tab-title-3262\" class=\"elementor-tab-title\" data-tab=\"2\" role=\"button\" aria-controls=\"elementor-tab-content-3262\" aria-expanded=\"false\">\n\t\t\t\t\t\t\t\t\t\t\t\t<span class=\"elementor-toggle-icon elementor-toggle-icon-left\" aria-hidden=\"true\">\n\t\t\t\t\t\t\t\t\t\t\t\t\t\t\t<span class=\"elementor-toggle-icon-closed\"><svg class=\"e-font-icon-svg e-fas-caret-right\" viewBox=\"0 0 192 512\" xmlns=\"http:\/\/www.w3.org\/2000\/svg\"><path d=\"M0 384.662V127.338c0-17.818 21.543-26.741 34.142-14.142l128.662 128.662c7.81 7.81 7.81 20.474 0 28.284L34.142 398.804C21.543 411.404 0 402.48 0 384.662z\"><\/path><\/svg><\/span>\n\t\t\t\t\t\t\t\t<span class=\"elementor-toggle-icon-opened\"><svg class=\"elementor-toggle-icon-opened e-font-icon-svg e-fas-caret-up\" viewBox=\"0 0 320 512\" xmlns=\"http:\/\/www.w3.org\/2000\/svg\"><path d=\"M288.662 352H31.338c-17.818 0-26.741-21.543-14.142-34.142l128.662-128.662c7.81-7.81 20.474-7.81 28.284 0l128.662 128.662c12.6 12.599 3.676 34.142-14.142 34.142z\"><\/path><\/svg><\/span>\n\t\t\t\t\t\t\t\t\t\t\t\t\t<\/span>\n\t\t\t\t\t\t\t\t\t\t\t\t<a class=\"elementor-toggle-title\" tabindex=\"0\">Ingredientes<\/a>\n\t\t\t\t\t<\/div>\n\n\t\t\t\t\t<div id=\"elementor-tab-content-3262\" class=\"elementor-tab-content elementor-clearfix\" data-tab=\"2\" role=\"region\" aria-labelledby=\"elementor-tab-title-3262\"><ul>\n<li>Aqua<\/li>\n<li>Collagen<\/li>\n<li>Sodium hyaluronate<\/li>\n<li>Acethyl decapeptide-3<\/li>\n<li>Lysine HCL,<\/li>\n<li>Proline<\/li>\n<li>Succinic acid<\/li>\n<li>Acetyl tetrapeptide -2<\/li>\n<li>Glycine<\/li>\n<li>Cellulose gum<\/li>\n<li>Phenoxyethanol<\/li>\n<li>Sodium chloride<\/li>\n<li>Benzyl alcohol<\/li>\n<li>Sodium phosphate<\/li>\n<li>Sodium hydroxide<\/li>\n<li>Disodium phosphate.<\/li>\n<\/ul>\n<\/div>\n\t\t\t\t<\/div>\n\t\t\t\t\t\t\t<div class=\"elementor-toggle-item\">\n\t\t\t\t\t<div id=\"elementor-tab-title-3263\" class=\"elementor-tab-title\" data-tab=\"3\" role=\"button\" aria-controls=\"elementor-tab-content-3263\" aria-expanded=\"false\">\n\t\t\t\t\t\t\t\t\t\t\t\t<span class=\"elementor-toggle-icon elementor-toggle-icon-left\" aria-hidden=\"true\">\n\t\t\t\t\t\t\t\t\t\t\t\t\t\t\t<span class=\"elementor-toggle-icon-closed\"><svg class=\"e-font-icon-svg e-fas-caret-right\" viewBox=\"0 0 192 512\" xmlns=\"http:\/\/www.w3.org\/2000\/svg\"><path d=\"M0 384.662V127.338c0-17.818 21.543-26.741 34.142-14.142l128.662 128.662c7.81 7.81 7.81 20.474 0 28.284L34.142 398.804C21.543 411.404 0 402.48 0 384.662z\"><\/path><\/svg><\/span>\n\t\t\t\t\t\t\t\t<span class=\"elementor-toggle-icon-opened\"><svg class=\"elementor-toggle-icon-opened e-font-icon-svg e-fas-caret-up\" viewBox=\"0 0 320 512\" xmlns=\"http:\/\/www.w3.org\/2000\/svg\"><path d=\"M288.662 352H31.338c-17.818 0-26.741-21.543-14.142-34.142l128.662-128.662c7.81-7.81 20.474-7.81 28.284 0l128.662 128.662c12.6 12.599 3.676 34.142-14.142 34.142z\"><\/path><\/svg><\/span>\n\t\t\t\t\t\t\t\t\t\t\t\t\t<\/span>\n\t\t\t\t\t\t\t\t\t\t\t\t<a class=\"elementor-toggle-title\" tabindex=\"0\">Presentaci\u00f3n<\/a>\n\t\t\t\t\t<\/div>\n\n\t\t\t\t\t<div id=\"elementor-tab-content-3263\" class=\"elementor-tab-content elementor-clearfix\" data-tab=\"3\" role=\"region\" aria-labelledby=\"elementor-tab-title-3263\"><p>3 Aplicadores de 2.8ml<\/p>\n<\/div>\n\t\t\t\t<\/div>\n\t\t\t\t\t\t\t<div class=\"elementor-toggle-item\">\n\t\t\t\t\t<div id=\"elementor-tab-title-3264\" class=\"elementor-tab-title\" data-tab=\"4\" role=\"button\" aria-controls=\"elementor-tab-content-3264\" aria-expanded=\"false\">\n\t\t\t\t\t\t\t\t\t\t\t\t<span class=\"elementor-toggle-icon elementor-toggle-icon-left\" aria-hidden=\"true\">\n\t\t\t\t\t\t\t\t\t\t\t\t\t\t\t<span class=\"elementor-toggle-icon-closed\"><svg class=\"e-font-icon-svg e-fas-caret-right\" viewBox=\"0 0 192 512\" xmlns=\"http:\/\/www.w3.org\/2000\/svg\"><path d=\"M0 384.662V127.338c0-17.818 21.543-26.741 34.142-14.142l128.662 128.662c7.81 7.81 7.81 20.474 0 28.284L34.142 398.804C21.543 411.404 0 402.48 0 384.662z\"><\/path><\/svg><\/span>\n\t\t\t\t\t\t\t\t<span class=\"elementor-toggle-icon-opened\"><svg class=\"elementor-toggle-icon-opened e-font-icon-svg e-fas-caret-up\" viewBox=\"0 0 320 512\" xmlns=\"http:\/\/www.w3.org\/2000\/svg\"><path d=\"M288.662 352H31.338c-17.818 0-26.741-21.543-14.142-34.142l128.662-128.662c7.81-7.81 20.474-7.81 28.284 0l128.662 128.662c12.6 12.599 3.676 34.142-14.142 34.142z\"><\/path><\/svg><\/span>\n\t\t\t\t\t\t\t\t\t\t\t\t\t<\/span>\n\t\t\t\t\t\t\t\t\t\t\t\t<a class=\"elementor-toggle-title\" tabindex=\"0\">Frecuencia del tratamiento<\/a>\n\t\t\t\t\t<\/div>\n\n\t\t\t\t\t<div id=\"elementor-tab-content-3264\" class=\"elementor-tab-content elementor-clearfix\" data-tab=\"4\" role=\"region\" aria-labelledby=\"elementor-tab-title-3264\"><ul>\n<li>1 sesi\u00f3n al mes durante 3 meses<\/li>\n<li>1 sesi\u00f3n de mantenimiento cada 6 meses<\/li>\n<\/ul>\n<\/div>\n\t\t\t\t<\/div>\n\t\t\t\t\t\t\t<div class=\"elementor-toggle-item\">\n\t\t\t\t\t<div id=\"elementor-tab-title-3265\" class=\"elementor-tab-title\" data-tab=\"5\" role=\"button\" aria-controls=\"elementor-tab-content-3265\" aria-expanded=\"false\">\n\t\t\t\t\t\t\t\t\t\t\t\t<span class=\"elementor-toggle-icon elementor-toggle-icon-left\" aria-hidden=\"true\">\n\t\t\t\t\t\t\t\t\t\t\t\t\t\t\t<span class=\"elementor-toggle-icon-closed\"><svg class=\"e-font-icon-svg e-fas-caret-right\" viewBox=\"0 0 192 512\" xmlns=\"http:\/\/www.w3.org\/2000\/svg\"><path d=\"M0 384.662V127.338c0-17.818 21.543-26.741 34.142-14.142l128.662 128.662c7.81 7.81 7.81 20.474 0 28.284L34.142 398.804C21.543 411.404 0 402.48 0 384.662z\"><\/path><\/svg><\/span>\n\t\t\t\t\t\t\t\t<span class=\"elementor-toggle-icon-opened\"><svg class=\"elementor-toggle-icon-opened e-font-icon-svg e-fas-caret-up\" viewBox=\"0 0 320 512\" xmlns=\"http:\/\/www.w3.org\/2000\/svg\"><path d=\"M288.662 352H31.338c-17.818 0-26.741-21.543-14.142-34.142l128.662-128.662c7.81-7.81 20.474-7.81 28.284 0l128.662 128.662c12.6 12.599 3.676 34.142-14.142 34.142z\"><\/path><\/svg><\/span>\n\t\t\t\t\t\t\t\t\t\t\t\t\t<\/span>\n\t\t\t\t\t\t\t\t\t\t\t\t<a class=\"elementor-toggle-title\" tabindex=\"0\">Indicaciones:<\/a>\n\t\t\t\t\t<\/div>\n\n\t\t\t\t\t<div id=\"elementor-tab-content-3265\" class=\"elementor-tab-content elementor-clearfix\" data-tab=\"5\" role=\"region\" aria-labelledby=\"elementor-tab-title-3265\"><ul>\n<li>Reduce la flacidez de la piel<\/li>\n<li>Minimiza las arrugas<\/li>\n<li>Mejora la textura de la piel<\/li>\n<li>Aten\u00faa las estr\u00edas<\/li>\n<li>Disminuye las cicatrices del acn\u00e9<\/li>\n<li>Favorece la producci\u00f3n de col\u00e1geno<\/li>\n<li>Hidrata y nutre la piel<\/li>\n<\/ul>\n<\/div>\n\t\t\t\t<\/div>\n\t\t\t\t\t\t\t\t<\/div>\n\t\t\t\t\t\t<\/div>\n\t\t\t\t<\/div>\n\t\t\t\t\t<\/div>\n\t\t\t\t<\/div>\n\t\t\t\t<\/div>\n\t\t","protected":false},"excerpt":{"rendered":"<p>CLAVEA\u00ae COL\u00c1GENO es un innovador potenciador de la piel que contiene col\u00e1geno de tipo III de bioingenier\u00eda, elaborado de forma sostenible mediante fermentaci\u00f3n de levadura patentada y dise\u00f1o impulsado por IA<strong> (Inteligencia Artificial<\/strong>). Ofrece una hidrataci\u00f3n profunda, reduce las arrugas y mejora la resistencia de la piel para un aspecto radiante y juvenil. <\/p>\n","protected":false},"featured_media":16720,"template":"","meta":[],"product_brand":[],"product_cat":[79],"product_tag":[],"class_list":{"0":"post-16628","1":"product","2":"type-product","3":"status-publish","4":"has-post-thumbnail","6":"product_cat-c-boost-es","8":"first","9":"instock","10":"shipping-taxable","11":"product-type-simple"},"yoast_head":"<!-- This site is optimized with the Yoast SEO plugin v25.0 - https:\/\/yoast.com\/wordpress\/plugins\/seo\/ -->\n<title>Clavea Collagen - Clavea<\/title>\n<meta name=\"robots\" content=\"index, follow, max-snippet:-1, max-image-preview:large, max-video-preview:-1\" \/>\n<link rel=\"canonical\" href=\"http:\/\/clavea.com\/es\/product\/clavea-collagen\/\" \/>\n<meta property=\"og:locale\" content=\"es_ES\" \/>\n<meta property=\"og:type\" content=\"article\" \/>\n<meta property=\"og:title\" content=\"Clavea Collagen - Clavea\" \/>\n<meta property=\"og:description\" content=\"CLAVEA\u00ae COL\u00c1GENO es un innovador potenciador de la piel que contiene col\u00e1geno de tipo III de bioingenier\u00eda, elaborado de forma sostenible mediante fermentaci\u00f3n de levadura patentada y dise\u00f1o impulsado por IA (Inteligencia Artificial). Ofrece una hidrataci\u00f3n profunda, reduce las arrugas y mejora la resistencia de la piel para un aspecto radiante y juvenil.\" \/>\n<meta property=\"og:url\" content=\"http:\/\/clavea.com\/es\/product\/clavea-collagen\/\" \/>\n<meta property=\"og:site_name\" content=\"Clavea\" \/>\n<meta property=\"article:publisher\" content=\"https:\/\/www.facebook.com\/profile.php?id=61555035301981\" \/>\n<meta property=\"article:modified_time\" content=\"2025-06-30T13:16:29+00:00\" \/>\n<meta property=\"og:image\" content=\"http:\/\/clavea.com\/wp-content\/uploads\/2024\/10\/clavea-applicator-1-with-box-collagen-2.png\" \/>\n\t<meta property=\"og:image:width\" content=\"1400\" \/>\n\t<meta property=\"og:image:height\" content=\"1400\" \/>\n\t<meta property=\"og:image:type\" content=\"image\/png\" \/>\n<meta name=\"twitter:card\" content=\"summary_large_image\" \/>\n<meta name=\"twitter:label1\" content=\"Tiempo de lectura\" \/>\n\t<meta name=\"twitter:data1\" content=\"2 minutos\" \/>\n<script type=\"application\/ld+json\" class=\"yoast-schema-graph\">{\"@context\":\"https:\/\/schema.org\",\"@graph\":[{\"@type\":\"WebPage\",\"@id\":\"http:\/\/clavea.com\/es\/product\/clavea-collagen\/\",\"url\":\"http:\/\/clavea.com\/es\/product\/clavea-collagen\/\",\"name\":\"Clavea Collagen - Clavea\",\"isPartOf\":{\"@id\":\"http:\/\/clavea.com\/es\/#website\"},\"primaryImageOfPage\":{\"@id\":\"http:\/\/clavea.com\/es\/product\/clavea-collagen\/#primaryimage\"},\"image\":{\"@id\":\"http:\/\/clavea.com\/es\/product\/clavea-collagen\/#primaryimage\"},\"thumbnailUrl\":\"http:\/\/clavea.com\/wp-content\/uploads\/2024\/10\/clavea-applicator-1-with-box-collagen-2.png\",\"datePublished\":\"2024-10-21T16:45:08+00:00\",\"dateModified\":\"2025-06-30T13:16:29+00:00\",\"breadcrumb\":{\"@id\":\"http:\/\/clavea.com\/es\/product\/clavea-collagen\/#breadcrumb\"},\"inLanguage\":\"es\",\"potentialAction\":[{\"@type\":\"ReadAction\",\"target\":[\"http:\/\/clavea.com\/es\/product\/clavea-collagen\/\"]}]},{\"@type\":\"ImageObject\",\"inLanguage\":\"es\",\"@id\":\"http:\/\/clavea.com\/es\/product\/clavea-collagen\/#primaryimage\",\"url\":\"http:\/\/clavea.com\/wp-content\/uploads\/2024\/10\/clavea-applicator-1-with-box-collagen-2.png\",\"contentUrl\":\"http:\/\/clavea.com\/wp-content\/uploads\/2024\/10\/clavea-applicator-1-with-box-collagen-2.png\",\"width\":1400,\"height\":1400},{\"@type\":\"BreadcrumbList\",\"@id\":\"http:\/\/clavea.com\/es\/product\/clavea-collagen\/#breadcrumb\",\"itemListElement\":[{\"@type\":\"ListItem\",\"position\":1,\"name\":\"Home\",\"item\":\"https:\/\/clavea.com\/es\/\"},{\"@type\":\"ListItem\",\"position\":2,\"name\":\"Productos\",\"item\":\"http:\/\/clavea.com\/es\/productos\/\"},{\"@type\":\"ListItem\",\"position\":3,\"name\":\"Clavea\u00ae Collagen\"}]},{\"@type\":\"WebSite\",\"@id\":\"http:\/\/clavea.com\/es\/#website\",\"url\":\"http:\/\/clavea.com\/es\/\",\"name\":\"Clavea\",\"description\":\"Redefining beauty through innovation and science\",\"publisher\":{\"@id\":\"http:\/\/clavea.com\/es\/#organization\"},\"potentialAction\":[{\"@type\":\"SearchAction\",\"target\":{\"@type\":\"EntryPoint\",\"urlTemplate\":\"http:\/\/clavea.com\/es\/?s={search_term_string}\"},\"query-input\":{\"@type\":\"PropertyValueSpecification\",\"valueRequired\":true,\"valueName\":\"search_term_string\"}}],\"inLanguage\":\"es\"},{\"@type\":\"Organization\",\"@id\":\"http:\/\/clavea.com\/es\/#organization\",\"name\":\"Clavea\",\"url\":\"http:\/\/clavea.com\/es\/\",\"logo\":{\"@type\":\"ImageObject\",\"inLanguage\":\"es\",\"@id\":\"http:\/\/clavea.com\/es\/#\/schema\/logo\/image\/\",\"url\":\"https:\/\/clavea.com\/wp-content\/uploads\/2024\/03\/Untitled-design-2024-03-22T173036.477.png\",\"contentUrl\":\"https:\/\/clavea.com\/wp-content\/uploads\/2024\/03\/Untitled-design-2024-03-22T173036.477.png\",\"width\":1080,\"height\":1080,\"caption\":\"Clavea\"},\"image\":{\"@id\":\"http:\/\/clavea.com\/es\/#\/schema\/logo\/image\/\"},\"sameAs\":[\"https:\/\/www.facebook.com\/profile.php?id=61555035301981\",\"https:\/\/www.instagram.com\/clavea.official\/\"]}]}<\/script>\n<!-- \/ Yoast SEO plugin. -->","yoast_head_json":{"title":"Clavea Collagen - Clavea","robots":{"index":"index","follow":"follow","max-snippet":"max-snippet:-1","max-image-preview":"max-image-preview:large","max-video-preview":"max-video-preview:-1"},"canonical":"http:\/\/clavea.com\/es\/product\/clavea-collagen\/","og_locale":"es_ES","og_type":"article","og_title":"Clavea Collagen - Clavea","og_description":"CLAVEA\u00ae COL\u00c1GENO es un innovador potenciador de la piel que contiene col\u00e1geno de tipo III de bioingenier\u00eda, elaborado de forma sostenible mediante fermentaci\u00f3n de levadura patentada y dise\u00f1o impulsado por IA (Inteligencia Artificial). Ofrece una hidrataci\u00f3n profunda, reduce las arrugas y mejora la resistencia de la piel para un aspecto radiante y juvenil.","og_url":"http:\/\/clavea.com\/es\/product\/clavea-collagen\/","og_site_name":"Clavea","article_publisher":"https:\/\/www.facebook.com\/profile.php?id=61555035301981","article_modified_time":"2025-06-30T13:16:29+00:00","og_image":[{"width":1400,"height":1400,"url":"http:\/\/clavea.com\/wp-content\/uploads\/2024\/10\/clavea-applicator-1-with-box-collagen-2.png","type":"image\/png"}],"twitter_card":"summary_large_image","twitter_misc":{"Tiempo de lectura":"2 minutos"},"schema":{"@context":"https:\/\/schema.org","@graph":[{"@type":"WebPage","@id":"http:\/\/clavea.com\/es\/product\/clavea-collagen\/","url":"http:\/\/clavea.com\/es\/product\/clavea-collagen\/","name":"Clavea Collagen - Clavea","isPartOf":{"@id":"http:\/\/clavea.com\/es\/#website"},"primaryImageOfPage":{"@id":"http:\/\/clavea.com\/es\/product\/clavea-collagen\/#primaryimage"},"image":{"@id":"http:\/\/clavea.com\/es\/product\/clavea-collagen\/#primaryimage"},"thumbnailUrl":"http:\/\/clavea.com\/wp-content\/uploads\/2024\/10\/clavea-applicator-1-with-box-collagen-2.png","datePublished":"2024-10-21T16:45:08+00:00","dateModified":"2025-06-30T13:16:29+00:00","breadcrumb":{"@id":"http:\/\/clavea.com\/es\/product\/clavea-collagen\/#breadcrumb"},"inLanguage":"es","potentialAction":[{"@type":"ReadAction","target":["http:\/\/clavea.com\/es\/product\/clavea-collagen\/"]}]},{"@type":"ImageObject","inLanguage":"es","@id":"http:\/\/clavea.com\/es\/product\/clavea-collagen\/#primaryimage","url":"http:\/\/clavea.com\/wp-content\/uploads\/2024\/10\/clavea-applicator-1-with-box-collagen-2.png","contentUrl":"http:\/\/clavea.com\/wp-content\/uploads\/2024\/10\/clavea-applicator-1-with-box-collagen-2.png","width":1400,"height":1400},{"@type":"BreadcrumbList","@id":"http:\/\/clavea.com\/es\/product\/clavea-collagen\/#breadcrumb","itemListElement":[{"@type":"ListItem","position":1,"name":"Home","item":"https:\/\/clavea.com\/es\/"},{"@type":"ListItem","position":2,"name":"Productos","item":"http:\/\/clavea.com\/es\/productos\/"},{"@type":"ListItem","position":3,"name":"Clavea\u00ae Collagen"}]},{"@type":"WebSite","@id":"http:\/\/clavea.com\/es\/#website","url":"http:\/\/clavea.com\/es\/","name":"Clavea","description":"Redefining beauty through innovation and science","publisher":{"@id":"http:\/\/clavea.com\/es\/#organization"},"potentialAction":[{"@type":"SearchAction","target":{"@type":"EntryPoint","urlTemplate":"http:\/\/clavea.com\/es\/?s={search_term_string}"},"query-input":{"@type":"PropertyValueSpecification","valueRequired":true,"valueName":"search_term_string"}}],"inLanguage":"es"},{"@type":"Organization","@id":"http:\/\/clavea.com\/es\/#organization","name":"Clavea","url":"http:\/\/clavea.com\/es\/","logo":{"@type":"ImageObject","inLanguage":"es","@id":"http:\/\/clavea.com\/es\/#\/schema\/logo\/image\/","url":"https:\/\/clavea.com\/wp-content\/uploads\/2024\/03\/Untitled-design-2024-03-22T173036.477.png","contentUrl":"https:\/\/clavea.com\/wp-content\/uploads\/2024\/03\/Untitled-design-2024-03-22T173036.477.png","width":1080,"height":1080,"caption":"Clavea"},"image":{"@id":"http:\/\/clavea.com\/es\/#\/schema\/logo\/image\/"},"sameAs":["https:\/\/www.facebook.com\/profile.php?id=61555035301981","https:\/\/www.instagram.com\/clavea.official\/"]}]}},"_links":{"self":[{"href":"http:\/\/clavea.com\/es\/wp-json\/wp\/v2\/product\/16628","targetHints":{"allow":["GET"]}}],"collection":[{"href":"http:\/\/clavea.com\/es\/wp-json\/wp\/v2\/product"}],"about":[{"href":"http:\/\/clavea.com\/es\/wp-json\/wp\/v2\/types\/product"}],"version-history":[{"count":18,"href":"http:\/\/clavea.com\/es\/wp-json\/wp\/v2\/product\/16628\/revisions"}],"predecessor-version":[{"id":16768,"href":"http:\/\/clavea.com\/es\/wp-json\/wp\/v2\/product\/16628\/revisions\/16768"}],"wp:featuredmedia":[{"embeddable":true,"href":"http:\/\/clavea.com\/es\/wp-json\/wp\/v2\/media\/16720"}],"wp:attachment":[{"href":"http:\/\/clavea.com\/es\/wp-json\/wp\/v2\/media?parent=16628"}],"wp:term":[{"taxonomy":"product_brand","embeddable":true,"href":"http:\/\/clavea.com\/es\/wp-json\/wp\/v2\/product_brand?post=16628"},{"taxonomy":"product_cat","embeddable":true,"href":"http:\/\/clavea.com\/es\/wp-json\/wp\/v2\/product_cat?post=16628"},{"taxonomy":"product_tag","embeddable":true,"href":"http:\/\/clavea.com\/es\/wp-json\/wp\/v2\/product_tag?post=16628"}],"curies":[{"name":"wp","href":"https:\/\/api.w.org\/{rel}","templated":true}]}}