{"id":16632,"date":"2024-03-19T12:46:37","date_gmt":"2024-03-19T12:46:37","guid":{"rendered":"https:\/\/clavea.com\/product\/clavea-restore\/"},"modified":"2025-05-27T16:23:15","modified_gmt":"2025-05-27T16:23:15","slug":"clavea-restore","status":"publish","type":"product","link":"http:\/\/clavea.com\/es\/product\/clavea-restore\/","title":{"rendered":"Clavea<sup style=\"font-size:12px\">\u00ae<\/sup> Restore"},"content":{"rendered":"\t\t<div data-elementor-type=\"wp-post\" data-elementor-id=\"16632\" class=\"elementor elementor-16632 elementor-15641\">\n\t\t\t\t<div class=\"elementor-element elementor-element-4c541a34 e-flex e-con-boxed e-con e-parent\" data-id=\"4c541a34\" data-element_type=\"container\">\n\t\t\t\t\t<div class=\"e-con-inner\">\n\t\t\t\t<div class=\"elementor-element elementor-element-7d1baf5 elementor-widget elementor-widget-toggle\" data-id=\"7d1baf5\" data-element_type=\"widget\" data-widget_type=\"toggle.default\">\n\t\t\t\t<div class=\"elementor-widget-container\">\n\t\t\t\t\t\t\t<div class=\"elementor-toggle\">\n\t\t\t\t\t\t\t<div class=\"elementor-toggle-item\">\n\t\t\t\t\t<div id=\"elementor-tab-title-1311\" class=\"elementor-tab-title\" data-tab=\"1\" role=\"button\" aria-controls=\"elementor-tab-content-1311\" aria-expanded=\"false\">\n\t\t\t\t\t\t\t\t\t\t\t\t<span class=\"elementor-toggle-icon elementor-toggle-icon-left\" aria-hidden=\"true\">\n\t\t\t\t\t\t\t\t\t\t\t\t\t\t\t<span class=\"elementor-toggle-icon-closed\"><svg class=\"e-font-icon-svg e-fas-caret-right\" viewBox=\"0 0 192 512\" xmlns=\"http:\/\/www.w3.org\/2000\/svg\"><path d=\"M0 384.662V127.338c0-17.818 21.543-26.741 34.142-14.142l128.662 128.662c7.81 7.81 7.81 20.474 0 28.284L34.142 398.804C21.543 411.404 0 402.48 0 384.662z\"><\/path><\/svg><\/span>\n\t\t\t\t\t\t\t\t<span class=\"elementor-toggle-icon-opened\"><svg class=\"elementor-toggle-icon-opened e-font-icon-svg e-fas-caret-up\" viewBox=\"0 0 320 512\" xmlns=\"http:\/\/www.w3.org\/2000\/svg\"><path d=\"M288.662 352H31.338c-17.818 0-26.741-21.543-14.142-34.142l128.662-128.662c7.81-7.81 20.474-7.81 28.284 0l128.662 128.662c12.6 12.599 3.676 34.142-14.142 34.142z\"><\/path><\/svg><\/span>\n\t\t\t\t\t\t\t\t\t\t\t\t\t<\/span>\n\t\t\t\t\t\t\t\t\t\t\t\t<a class=\"elementor-toggle-title\" tabindex=\"0\">Descripci\u00f3n<\/a>\n\t\t\t\t\t<\/div>\n\n\t\t\t\t\t<div id=\"elementor-tab-content-1311\" class=\"elementor-tab-content elementor-clearfix\" data-tab=\"1\" role=\"region\" aria-labelledby=\"elementor-tab-title-1311\"><p>Disfrute de la lujosa hidrataci\u00f3n y rejuvenecimiento de Clavea Restore \u2013 HA 2%, un tratamiento de vanguardia para el cuidado de la piel, meticulosamente elaborado para ofrecer resultados transformadores. Enriquecida con una potente combinaci\u00f3n de \u00e1cido hialur\u00f3nico de bajo peso <strong>molecular (1%) y de alto peso molecular (1%),<\/strong> esta f\u00f3rmula avanzada ofrece un enfoque multifac\u00e9tico para el cuidado de la piel, centr\u00e1ndose en la hidrataci\u00f3n, la firmeza y la reducci\u00f3n de arrugas.<\/p><p>El \u00e1cido hialur\u00f3nico, reconocido por su excepcional capacidad para atraer y retener la humedad, penetra profundamente en la piel, reponiendo los niveles de hidrataci\u00f3n y restaurando la tersura juvenil.<\/p><p>\u00a0Al fijar las mol\u00e9culas de agua a la superficie de la piel, ayuda a suavizar la apariencia de l\u00edneas de expresi\u00f3n y arrugas, revelando una tez que irradia vitalidad. Adem\u00e1s de su poder hidratante, Clavea Restore \u2013 HA 2% aprovecha los beneficios sin\u00e9rgicos de ingredientes clave que trabajan en armon\u00eda para amplificar su eficacia.<\/p><p>\u00a0La inclusi\u00f3n de cloruro de <strong>sodio, fosfato dis\u00f3dico y fosfato de sodio potencia<\/strong> a\u00fan m\u00e1s las propiedades reafirmantes de la f\u00f3rmula, promoviendo un contorno facial m\u00e1s firme y esculpido. Al disfrutar de la adecuada textura de este tratamiento rejuvenecedor, experimentar\u00e1 una notable mejora en la textura y el tono de la piel. La piel seca y opaca se revitaliza, dejando una piel suave y sedosa que irradia luminosidad y juventud.<\/p><p>Ya sea que busque combatir los signos de la edad, restaurar la hidrataci\u00f3n o simplemente mimar su piel con un toque de lujo, Clavea Restore \u2013 HA 2% ofrece la soluci\u00f3n definitiva. Mejore su rutina de cuidado de la piel con este tratamiento y descubra una tez hidratada, firme y radiante desde el interior.<\/p><\/div>\n\t\t\t\t<\/div>\n\t\t\t\t\t\t\t<div class=\"elementor-toggle-item\">\n\t\t\t\t\t<div id=\"elementor-tab-title-1312\" class=\"elementor-tab-title\" data-tab=\"2\" role=\"button\" aria-controls=\"elementor-tab-content-1312\" aria-expanded=\"false\">\n\t\t\t\t\t\t\t\t\t\t\t\t<span class=\"elementor-toggle-icon elementor-toggle-icon-left\" aria-hidden=\"true\">\n\t\t\t\t\t\t\t\t\t\t\t\t\t\t\t<span class=\"elementor-toggle-icon-closed\"><svg class=\"e-font-icon-svg e-fas-caret-right\" viewBox=\"0 0 192 512\" xmlns=\"http:\/\/www.w3.org\/2000\/svg\"><path d=\"M0 384.662V127.338c0-17.818 21.543-26.741 34.142-14.142l128.662 128.662c7.81 7.81 7.81 20.474 0 28.284L34.142 398.804C21.543 411.404 0 402.48 0 384.662z\"><\/path><\/svg><\/span>\n\t\t\t\t\t\t\t\t<span class=\"elementor-toggle-icon-opened\"><svg class=\"elementor-toggle-icon-opened e-font-icon-svg e-fas-caret-up\" viewBox=\"0 0 320 512\" xmlns=\"http:\/\/www.w3.org\/2000\/svg\"><path d=\"M288.662 352H31.338c-17.818 0-26.741-21.543-14.142-34.142l128.662-128.662c7.81-7.81 20.474-7.81 28.284 0l128.662 128.662c12.6 12.599 3.676 34.142-14.142 34.142z\"><\/path><\/svg><\/span>\n\t\t\t\t\t\t\t\t\t\t\t\t\t<\/span>\n\t\t\t\t\t\t\t\t\t\t\t\t<a class=\"elementor-toggle-title\" tabindex=\"0\">Ingredientes<\/a>\n\t\t\t\t\t<\/div>\n\n\t\t\t\t\t<div id=\"elementor-tab-content-1312\" class=\"elementor-tab-content elementor-clearfix\" data-tab=\"2\" role=\"region\" aria-labelledby=\"elementor-tab-title-1312\"><ul><li style=\"font-weight: 400;\" aria-level=\"1\"><span style=\"font-weight: 400;\">Aqua<\/span><\/li><li aria-level=\"1\">\u00c1cido hialur\u00f3nico<\/li><li aria-level=\"1\">Cloruro de sodio<\/li><li aria-level=\"1\">Fosfato dis\u00f3dico<\/li><li aria-level=\"1\">Fosfato de sodio<\/li><\/ul><\/div>\n\t\t\t\t<\/div>\n\t\t\t\t\t\t\t<div class=\"elementor-toggle-item\">\n\t\t\t\t\t<div id=\"elementor-tab-title-1313\" class=\"elementor-tab-title\" data-tab=\"3\" role=\"button\" aria-controls=\"elementor-tab-content-1313\" aria-expanded=\"false\">\n\t\t\t\t\t\t\t\t\t\t\t\t<span class=\"elementor-toggle-icon elementor-toggle-icon-left\" aria-hidden=\"true\">\n\t\t\t\t\t\t\t\t\t\t\t\t\t\t\t<span class=\"elementor-toggle-icon-closed\"><svg class=\"e-font-icon-svg e-fas-caret-right\" viewBox=\"0 0 192 512\" xmlns=\"http:\/\/www.w3.org\/2000\/svg\"><path d=\"M0 384.662V127.338c0-17.818 21.543-26.741 34.142-14.142l128.662 128.662c7.81 7.81 7.81 20.474 0 28.284L34.142 398.804C21.543 411.404 0 402.48 0 384.662z\"><\/path><\/svg><\/span>\n\t\t\t\t\t\t\t\t<span class=\"elementor-toggle-icon-opened\"><svg class=\"elementor-toggle-icon-opened e-font-icon-svg e-fas-caret-up\" viewBox=\"0 0 320 512\" xmlns=\"http:\/\/www.w3.org\/2000\/svg\"><path d=\"M288.662 352H31.338c-17.818 0-26.741-21.543-14.142-34.142l128.662-128.662c7.81-7.81 20.474-7.81 28.284 0l128.662 128.662c12.6 12.599 3.676 34.142-14.142 34.142z\"><\/path><\/svg><\/span>\n\t\t\t\t\t\t\t\t\t\t\t\t\t<\/span>\n\t\t\t\t\t\t\t\t\t\t\t\t<a class=\"elementor-toggle-title\" tabindex=\"0\">Aplicaci\u00f3n<\/a>\n\t\t\t\t\t<\/div>\n\n\t\t\t\t\t<div id=\"elementor-tab-content-1313\" class=\"elementor-tab-content elementor-clearfix\" data-tab=\"3\" role=\"region\" aria-labelledby=\"elementor-tab-title-1313\"><p><strong>CLAVEA Restore-HA 2%<\/strong> debe aplicarse en las capas superficiales de la piel, a trav\u00e9s de mesoterapia virtual, o <br \/>microagujas.<\/p><p>Esto permite una aplicaci\u00f3n espec\u00edfica de los ingredientes hidratantes y rejuvenecedores del producto en las zonas <br \/>donde m\u00e1s se necesitan.<\/p><p><br \/>El microneedling (microagujas) genera micro canales permitiendo una mejor absorci\u00f3n superficial y estimular la <br \/>producci\u00f3n de col\u00e1geno y elastina, lo que mejora la hidrataci\u00f3n, la elasticidad y la calidad general de la piel.<\/p><\/div>\n\t\t\t\t<\/div>\n\t\t\t\t\t\t\t<div class=\"elementor-toggle-item\">\n\t\t\t\t\t<div id=\"elementor-tab-title-1314\" class=\"elementor-tab-title\" data-tab=\"4\" role=\"button\" aria-controls=\"elementor-tab-content-1314\" aria-expanded=\"false\">\n\t\t\t\t\t\t\t\t\t\t\t\t<span class=\"elementor-toggle-icon elementor-toggle-icon-left\" aria-hidden=\"true\">\n\t\t\t\t\t\t\t\t\t\t\t\t\t\t\t<span class=\"elementor-toggle-icon-closed\"><svg class=\"e-font-icon-svg e-fas-caret-right\" viewBox=\"0 0 192 512\" xmlns=\"http:\/\/www.w3.org\/2000\/svg\"><path d=\"M0 384.662V127.338c0-17.818 21.543-26.741 34.142-14.142l128.662 128.662c7.81 7.81 7.81 20.474 0 28.284L34.142 398.804C21.543 411.404 0 402.48 0 384.662z\"><\/path><\/svg><\/span>\n\t\t\t\t\t\t\t\t<span class=\"elementor-toggle-icon-opened\"><svg class=\"elementor-toggle-icon-opened e-font-icon-svg e-fas-caret-up\" viewBox=\"0 0 320 512\" xmlns=\"http:\/\/www.w3.org\/2000\/svg\"><path d=\"M288.662 352H31.338c-17.818 0-26.741-21.543-14.142-34.142l128.662-128.662c7.81-7.81 20.474-7.81 28.284 0l128.662 128.662c12.6 12.599 3.676 34.142-14.142 34.142z\"><\/path><\/svg><\/span>\n\t\t\t\t\t\t\t\t\t\t\t\t\t<\/span>\n\t\t\t\t\t\t\t\t\t\t\t\t<a class=\"elementor-toggle-title\" tabindex=\"0\">Presentaci\u00f3n<\/a>\n\t\t\t\t\t<\/div>\n\n\t\t\t\t\t<div id=\"elementor-tab-content-1314\" class=\"elementor-tab-content elementor-clearfix\" data-tab=\"4\" role=\"region\" aria-labelledby=\"elementor-tab-title-1314\"><p>3 aplicadores x 1ml <\/p><\/div>\n\t\t\t\t<\/div>\n\t\t\t\t\t\t\t<div class=\"elementor-toggle-item\">\n\t\t\t\t\t<div id=\"elementor-tab-title-1315\" class=\"elementor-tab-title\" data-tab=\"5\" role=\"button\" aria-controls=\"elementor-tab-content-1315\" aria-expanded=\"false\">\n\t\t\t\t\t\t\t\t\t\t\t\t<span class=\"elementor-toggle-icon elementor-toggle-icon-left\" aria-hidden=\"true\">\n\t\t\t\t\t\t\t\t\t\t\t\t\t\t\t<span class=\"elementor-toggle-icon-closed\"><svg class=\"e-font-icon-svg e-fas-caret-right\" viewBox=\"0 0 192 512\" xmlns=\"http:\/\/www.w3.org\/2000\/svg\"><path d=\"M0 384.662V127.338c0-17.818 21.543-26.741 34.142-14.142l128.662 128.662c7.81 7.81 7.81 20.474 0 28.284L34.142 398.804C21.543 411.404 0 402.48 0 384.662z\"><\/path><\/svg><\/span>\n\t\t\t\t\t\t\t\t<span class=\"elementor-toggle-icon-opened\"><svg class=\"elementor-toggle-icon-opened e-font-icon-svg e-fas-caret-up\" viewBox=\"0 0 320 512\" xmlns=\"http:\/\/www.w3.org\/2000\/svg\"><path d=\"M288.662 352H31.338c-17.818 0-26.741-21.543-14.142-34.142l128.662-128.662c7.81-7.81 20.474-7.81 28.284 0l128.662 128.662c12.6 12.599 3.676 34.142-14.142 34.142z\"><\/path><\/svg><\/span>\n\t\t\t\t\t\t\t\t\t\t\t\t\t<\/span>\n\t\t\t\t\t\t\t\t\t\t\t\t<a class=\"elementor-toggle-title\" tabindex=\"0\">Protocolo<\/a>\n\t\t\t\t\t<\/div>\n\n\t\t\t\t\t<div id=\"elementor-tab-content-1315\" class=\"elementor-tab-content elementor-clearfix\" data-tab=\"5\" role=\"region\" aria-labelledby=\"elementor-tab-title-1315\"><p><span style=\"font-weight: 400;\">Para lograr un progreso \u00f3ptimo, intente realizar un m\u00ednimo de tres sesiones, espaciadas aproximadamente cada 15 <br \/>d\u00edas, para mantener la consistencia y facilitar un tratamiento efectivo.\u00a0<\/span><\/p><\/div>\n\t\t\t\t<\/div>\n\t\t\t\t\t\t\t\t<\/div>\n\t\t\t\t\t\t<\/div>\n\t\t\t\t<\/div>\n\t\t\t\t\t<\/div>\n\t\t\t\t<\/div>\n\t\t\t\t<\/div>\n\t\t","protected":false},"excerpt":{"rendered":"<p>Tratamiento Reafirmante, Hidratante y Suaviza las Arrugas<\/p>\n<p>Hidrata, reafirma y suaviza las arrugas con CLAVEA Restore \u2013 HA 2%. Formulado con un 1% de \u00e1cido hialur\u00f3nico de bajo peso molecular y un 1% de alto peso molecular, este tratamiento penetra profundamente para proporcionar una hidrataci\u00f3n intensa y reducir eficazmente las arrugas,<br \/>\ndejando la piel tersa y rejuvenecida.<\/p>\n","protected":false},"featured_media":16727,"template":"","meta":[],"product_brand":[],"product_cat":[79],"product_tag":[],"class_list":{"0":"post-16632","1":"product","2":"type-product","3":"status-publish","4":"has-post-thumbnail","6":"product_cat-c-boost-es","8":"first","9":"instock","10":"shipping-taxable","11":"product-type-simple"},"yoast_head":"<!-- This site is optimized with the Yoast SEO plugin v25.0 - https:\/\/yoast.com\/wordpress\/plugins\/seo\/ -->\n<title>Clavea Restore - Clavea<\/title>\n<meta name=\"robots\" content=\"index, follow, max-snippet:-1, max-image-preview:large, max-video-preview:-1\" \/>\n<link rel=\"canonical\" href=\"http:\/\/clavea.com\/es\/product\/clavea-restore\/\" \/>\n<meta property=\"og:locale\" content=\"es_ES\" \/>\n<meta property=\"og:type\" content=\"article\" \/>\n<meta property=\"og:title\" content=\"Clavea Restore - Clavea\" \/>\n<meta property=\"og:description\" content=\"Tratamiento Reafirmante, Hidratante y Suaviza las Arrugas  Hidrata, reafirma y suaviza las arrugas con CLAVEA Restore \u2013 HA 2%. Formulado con un 1% de \u00e1cido hialur\u00f3nico de bajo peso molecular y un 1% de alto peso molecular, este tratamiento penetra profundamente para proporcionar una hidrataci\u00f3n intensa y reducir eficazmente las arrugas, dejando la piel tersa y rejuvenecida.\" \/>\n<meta property=\"og:url\" content=\"http:\/\/clavea.com\/es\/product\/clavea-restore\/\" \/>\n<meta property=\"og:site_name\" content=\"Clavea\" \/>\n<meta property=\"article:publisher\" content=\"https:\/\/www.facebook.com\/profile.php?id=61555035301981\" \/>\n<meta property=\"article:modified_time\" content=\"2025-05-27T16:23:15+00:00\" \/>\n<meta property=\"og:image\" content=\"https:\/\/clavea.com\/wp-content\/uploads\/2024\/10\/clavea-applicator-4-with-box-restore-2.png\" \/>\n\t<meta property=\"og:image:width\" content=\"1400\" \/>\n\t<meta property=\"og:image:height\" content=\"1400\" \/>\n\t<meta property=\"og:image:type\" content=\"image\/png\" \/>\n<meta name=\"twitter:card\" content=\"summary_large_image\" \/>\n<meta name=\"twitter:label1\" content=\"Tiempo de lectura\" \/>\n\t<meta name=\"twitter:data1\" content=\"2 minutos\" \/>\n<script type=\"application\/ld+json\" class=\"yoast-schema-graph\">{\"@context\":\"https:\/\/schema.org\",\"@graph\":[{\"@type\":\"WebPage\",\"@id\":\"http:\/\/clavea.com\/es\/product\/clavea-restore\/\",\"url\":\"http:\/\/clavea.com\/es\/product\/clavea-restore\/\",\"name\":\"Clavea Restore - Clavea\",\"isPartOf\":{\"@id\":\"http:\/\/clavea.com\/es\/#website\"},\"primaryImageOfPage\":{\"@id\":\"http:\/\/clavea.com\/es\/product\/clavea-restore\/#primaryimage\"},\"image\":{\"@id\":\"http:\/\/clavea.com\/es\/product\/clavea-restore\/#primaryimage\"},\"thumbnailUrl\":\"http:\/\/clavea.com\/wp-content\/uploads\/2024\/10\/clavea-applicator-4-with-box-restore-2.png\",\"datePublished\":\"2024-03-19T12:46:37+00:00\",\"dateModified\":\"2025-05-27T16:23:15+00:00\",\"breadcrumb\":{\"@id\":\"http:\/\/clavea.com\/es\/product\/clavea-restore\/#breadcrumb\"},\"inLanguage\":\"es\",\"potentialAction\":[{\"@type\":\"ReadAction\",\"target\":[\"http:\/\/clavea.com\/es\/product\/clavea-restore\/\"]}]},{\"@type\":\"ImageObject\",\"inLanguage\":\"es\",\"@id\":\"http:\/\/clavea.com\/es\/product\/clavea-restore\/#primaryimage\",\"url\":\"http:\/\/clavea.com\/wp-content\/uploads\/2024\/10\/clavea-applicator-4-with-box-restore-2.png\",\"contentUrl\":\"http:\/\/clavea.com\/wp-content\/uploads\/2024\/10\/clavea-applicator-4-with-box-restore-2.png\",\"width\":1400,\"height\":1400},{\"@type\":\"BreadcrumbList\",\"@id\":\"http:\/\/clavea.com\/es\/product\/clavea-restore\/#breadcrumb\",\"itemListElement\":[{\"@type\":\"ListItem\",\"position\":1,\"name\":\"Home\",\"item\":\"https:\/\/clavea.com\/es\/\"},{\"@type\":\"ListItem\",\"position\":2,\"name\":\"Productos\",\"item\":\"http:\/\/clavea.com\/es\/productos\/\"},{\"@type\":\"ListItem\",\"position\":3,\"name\":\"Clavea\u00ae Restore\"}]},{\"@type\":\"WebSite\",\"@id\":\"http:\/\/clavea.com\/es\/#website\",\"url\":\"http:\/\/clavea.com\/es\/\",\"name\":\"Clavea\",\"description\":\"Redefining beauty through innovation and science\",\"publisher\":{\"@id\":\"http:\/\/clavea.com\/es\/#organization\"},\"potentialAction\":[{\"@type\":\"SearchAction\",\"target\":{\"@type\":\"EntryPoint\",\"urlTemplate\":\"http:\/\/clavea.com\/es\/?s={search_term_string}\"},\"query-input\":{\"@type\":\"PropertyValueSpecification\",\"valueRequired\":true,\"valueName\":\"search_term_string\"}}],\"inLanguage\":\"es\"},{\"@type\":\"Organization\",\"@id\":\"http:\/\/clavea.com\/es\/#organization\",\"name\":\"Clavea\",\"url\":\"http:\/\/clavea.com\/es\/\",\"logo\":{\"@type\":\"ImageObject\",\"inLanguage\":\"es\",\"@id\":\"http:\/\/clavea.com\/es\/#\/schema\/logo\/image\/\",\"url\":\"https:\/\/clavea.com\/wp-content\/uploads\/2024\/03\/Untitled-design-2024-03-22T173036.477.png\",\"contentUrl\":\"https:\/\/clavea.com\/wp-content\/uploads\/2024\/03\/Untitled-design-2024-03-22T173036.477.png\",\"width\":1080,\"height\":1080,\"caption\":\"Clavea\"},\"image\":{\"@id\":\"http:\/\/clavea.com\/es\/#\/schema\/logo\/image\/\"},\"sameAs\":[\"https:\/\/www.facebook.com\/profile.php?id=61555035301981\",\"https:\/\/www.instagram.com\/clavea.official\/\"]}]}<\/script>\n<!-- \/ Yoast SEO plugin. -->","yoast_head_json":{"title":"Clavea Restore - Clavea","robots":{"index":"index","follow":"follow","max-snippet":"max-snippet:-1","max-image-preview":"max-image-preview:large","max-video-preview":"max-video-preview:-1"},"canonical":"http:\/\/clavea.com\/es\/product\/clavea-restore\/","og_locale":"es_ES","og_type":"article","og_title":"Clavea Restore - Clavea","og_description":"Tratamiento Reafirmante, Hidratante y Suaviza las Arrugas  Hidrata, reafirma y suaviza las arrugas con CLAVEA Restore \u2013 HA 2%. Formulado con un 1% de \u00e1cido hialur\u00f3nico de bajo peso molecular y un 1% de alto peso molecular, este tratamiento penetra profundamente para proporcionar una hidrataci\u00f3n intensa y reducir eficazmente las arrugas, dejando la piel tersa y rejuvenecida.","og_url":"http:\/\/clavea.com\/es\/product\/clavea-restore\/","og_site_name":"Clavea","article_publisher":"https:\/\/www.facebook.com\/profile.php?id=61555035301981","article_modified_time":"2025-05-27T16:23:15+00:00","og_image":[{"width":1400,"height":1400,"url":"https:\/\/clavea.com\/wp-content\/uploads\/2024\/10\/clavea-applicator-4-with-box-restore-2.png","type":"image\/png"}],"twitter_card":"summary_large_image","twitter_misc":{"Tiempo de lectura":"2 minutos"},"schema":{"@context":"https:\/\/schema.org","@graph":[{"@type":"WebPage","@id":"http:\/\/clavea.com\/es\/product\/clavea-restore\/","url":"http:\/\/clavea.com\/es\/product\/clavea-restore\/","name":"Clavea Restore - Clavea","isPartOf":{"@id":"http:\/\/clavea.com\/es\/#website"},"primaryImageOfPage":{"@id":"http:\/\/clavea.com\/es\/product\/clavea-restore\/#primaryimage"},"image":{"@id":"http:\/\/clavea.com\/es\/product\/clavea-restore\/#primaryimage"},"thumbnailUrl":"http:\/\/clavea.com\/wp-content\/uploads\/2024\/10\/clavea-applicator-4-with-box-restore-2.png","datePublished":"2024-03-19T12:46:37+00:00","dateModified":"2025-05-27T16:23:15+00:00","breadcrumb":{"@id":"http:\/\/clavea.com\/es\/product\/clavea-restore\/#breadcrumb"},"inLanguage":"es","potentialAction":[{"@type":"ReadAction","target":["http:\/\/clavea.com\/es\/product\/clavea-restore\/"]}]},{"@type":"ImageObject","inLanguage":"es","@id":"http:\/\/clavea.com\/es\/product\/clavea-restore\/#primaryimage","url":"http:\/\/clavea.com\/wp-content\/uploads\/2024\/10\/clavea-applicator-4-with-box-restore-2.png","contentUrl":"http:\/\/clavea.com\/wp-content\/uploads\/2024\/10\/clavea-applicator-4-with-box-restore-2.png","width":1400,"height":1400},{"@type":"BreadcrumbList","@id":"http:\/\/clavea.com\/es\/product\/clavea-restore\/#breadcrumb","itemListElement":[{"@type":"ListItem","position":1,"name":"Home","item":"https:\/\/clavea.com\/es\/"},{"@type":"ListItem","position":2,"name":"Productos","item":"http:\/\/clavea.com\/es\/productos\/"},{"@type":"ListItem","position":3,"name":"Clavea\u00ae Restore"}]},{"@type":"WebSite","@id":"http:\/\/clavea.com\/es\/#website","url":"http:\/\/clavea.com\/es\/","name":"Clavea","description":"Redefining beauty through innovation and science","publisher":{"@id":"http:\/\/clavea.com\/es\/#organization"},"potentialAction":[{"@type":"SearchAction","target":{"@type":"EntryPoint","urlTemplate":"http:\/\/clavea.com\/es\/?s={search_term_string}"},"query-input":{"@type":"PropertyValueSpecification","valueRequired":true,"valueName":"search_term_string"}}],"inLanguage":"es"},{"@type":"Organization","@id":"http:\/\/clavea.com\/es\/#organization","name":"Clavea","url":"http:\/\/clavea.com\/es\/","logo":{"@type":"ImageObject","inLanguage":"es","@id":"http:\/\/clavea.com\/es\/#\/schema\/logo\/image\/","url":"https:\/\/clavea.com\/wp-content\/uploads\/2024\/03\/Untitled-design-2024-03-22T173036.477.png","contentUrl":"https:\/\/clavea.com\/wp-content\/uploads\/2024\/03\/Untitled-design-2024-03-22T173036.477.png","width":1080,"height":1080,"caption":"Clavea"},"image":{"@id":"http:\/\/clavea.com\/es\/#\/schema\/logo\/image\/"},"sameAs":["https:\/\/www.facebook.com\/profile.php?id=61555035301981","https:\/\/www.instagram.com\/clavea.official\/"]}]}},"_links":{"self":[{"href":"http:\/\/clavea.com\/es\/wp-json\/wp\/v2\/product\/16632","targetHints":{"allow":["GET"]}}],"collection":[{"href":"http:\/\/clavea.com\/es\/wp-json\/wp\/v2\/product"}],"about":[{"href":"http:\/\/clavea.com\/es\/wp-json\/wp\/v2\/types\/product"}],"version-history":[{"count":6,"href":"http:\/\/clavea.com\/es\/wp-json\/wp\/v2\/product\/16632\/revisions"}],"predecessor-version":[{"id":16682,"href":"http:\/\/clavea.com\/es\/wp-json\/wp\/v2\/product\/16632\/revisions\/16682"}],"wp:featuredmedia":[{"embeddable":true,"href":"http:\/\/clavea.com\/es\/wp-json\/wp\/v2\/media\/16727"}],"wp:attachment":[{"href":"http:\/\/clavea.com\/es\/wp-json\/wp\/v2\/media?parent=16632"}],"wp:term":[{"taxonomy":"product_brand","embeddable":true,"href":"http:\/\/clavea.com\/es\/wp-json\/wp\/v2\/product_brand?post=16632"},{"taxonomy":"product_cat","embeddable":true,"href":"http:\/\/clavea.com\/es\/wp-json\/wp\/v2\/product_cat?post=16632"},{"taxonomy":"product_tag","embeddable":true,"href":"http:\/\/clavea.com\/es\/wp-json\/wp\/v2\/product_tag?post=16632"}],"curies":[{"name":"wp","href":"https:\/\/api.w.org\/{rel}","templated":true}]}}