{"id":16634,"date":"2024-03-19T14:08:49","date_gmt":"2024-03-19T14:08:49","guid":{"rendered":"https:\/\/clavea.com\/product\/clavea-lumina\/"},"modified":"2025-05-28T08:17:25","modified_gmt":"2025-05-28T08:17:25","slug":"clavea-lumina","status":"publish","type":"product","link":"http:\/\/clavea.com\/es\/product\/clavea-lumina\/","title":{"rendered":"Clavea<sup style=\"font-size:12px\">\u00ae<\/sup> Lumina"},"content":{"rendered":"\t\t<div data-elementor-type=\"wp-post\" data-elementor-id=\"16634\" class=\"elementor elementor-16634 elementor-15661\">\n\t\t\t\t<div class=\"elementor-element elementor-element-36fb10bb e-flex e-con-boxed e-con e-parent\" data-id=\"36fb10bb\" data-element_type=\"container\">\n\t\t\t\t\t<div class=\"e-con-inner\">\n\t\t\t\t<div class=\"elementor-element elementor-element-fc1c57f elementor-widget elementor-widget-toggle\" data-id=\"fc1c57f\" data-element_type=\"widget\" data-widget_type=\"toggle.default\">\n\t\t\t\t<div class=\"elementor-widget-container\">\n\t\t\t\t\t\t\t<div class=\"elementor-toggle\">\n\t\t\t\t\t\t\t<div class=\"elementor-toggle-item\">\n\t\t\t\t\t<div id=\"elementor-tab-title-2641\" class=\"elementor-tab-title\" data-tab=\"1\" role=\"button\" aria-controls=\"elementor-tab-content-2641\" aria-expanded=\"false\">\n\t\t\t\t\t\t\t\t\t\t\t\t<span class=\"elementor-toggle-icon elementor-toggle-icon-left\" aria-hidden=\"true\">\n\t\t\t\t\t\t\t\t\t\t\t\t\t\t\t<span class=\"elementor-toggle-icon-closed\"><svg class=\"e-font-icon-svg e-fas-caret-right\" viewBox=\"0 0 192 512\" xmlns=\"http:\/\/www.w3.org\/2000\/svg\"><path d=\"M0 384.662V127.338c0-17.818 21.543-26.741 34.142-14.142l128.662 128.662c7.81 7.81 7.81 20.474 0 28.284L34.142 398.804C21.543 411.404 0 402.48 0 384.662z\"><\/path><\/svg><\/span>\n\t\t\t\t\t\t\t\t<span class=\"elementor-toggle-icon-opened\"><svg class=\"elementor-toggle-icon-opened e-font-icon-svg e-fas-caret-up\" viewBox=\"0 0 320 512\" xmlns=\"http:\/\/www.w3.org\/2000\/svg\"><path d=\"M288.662 352H31.338c-17.818 0-26.741-21.543-14.142-34.142l128.662-128.662c7.81-7.81 20.474-7.81 28.284 0l128.662 128.662c12.6 12.599 3.676 34.142-14.142 34.142z\"><\/path><\/svg><\/span>\n\t\t\t\t\t\t\t\t\t\t\t\t\t<\/span>\n\t\t\t\t\t\t\t\t\t\t\t\t<a class=\"elementor-toggle-title\" tabindex=\"0\">Descripci\u00f3n<\/a>\n\t\t\t\t\t<\/div>\n\n\t\t\t\t\t<div id=\"elementor-tab-content-2641\" class=\"elementor-tab-content elementor-clearfix\" data-tab=\"1\" role=\"region\" aria-labelledby=\"elementor-tab-title-2641\"><p>Presentamos Lumina Rejuvenecimiento Facial, un revolucionario tratamiento que revitaliza la piel, dise\u00f1ado para restaurar la luminosidad y vitalidad juvenil de tu cutis.<\/p><p>Formulado con una mezcla meticulosamente elaborada de 37 ingredientes activos provenientes de vitaminas y amino\u00e1cidos, junto con la capacidad hidratante del <strong>\u00c1cido<\/strong> <strong>Hialur\u00f3nico<\/strong>, esta f\u00f3rmula avanzada ofrece un rejuvenecimiento inigualable desde el interior.<\/p><p>Cada ingrediente de Lumina ha sido cuidadosamente seleccionado por su capacidad \u00fanica para abordar diversos signos de envejecimiento y problemas de la piel, lo que resulta en un enfoque integral y sin\u00e9rgico para la renovaci\u00f3n facial.<\/p><p>\u00a0El propilenglicol y el pentalenglicol act\u00faan conjuntamente para hidratar profundamente y dar volumen a la piel, mientras que el fenilpropanol y el propanodiol proporcionan beneficios antimicrobianos, garantizando una salud cut\u00e1nea \u00f3ptima.<\/p><p>El caprilil glicol act\u00faa como un agente calmante, aliviando la inflamaci\u00f3n y el enrojecimiento, mientras que el cloruro de potasio y el bicarbonato de sodio equilibran el pH de la piel, promoviendo su funci\u00f3n general.<\/p><p>La glutamina y el \u00e1cido l\u00e1ctico exfolian suavemente la piel, revelando una tez m\u00e1s suave y refinada, mientras que el cloruro de benzalconio y el sulfato de magnesio acondicionan y mejoran el tono y la textura de la piel.<\/p><p>\u00a0Vitaminas como el <strong>ascorbato de sodio (vitamina C)<\/strong> brindan una potente protecci\u00f3n antioxidante contra el da\u00f1o ambiental, mientras que los amino\u00e1cidos alanina, arginina y clorhidrato de lisina favorecen la s\u00edntesis de col\u00e1geno, promoviendo una piel m\u00e1s firme y el\u00e1stica. Lumina penetra profundamente en las capas d\u00e9rmicas, llevando sus potentes ingredientes directamente donde m\u00e1s se necesitan.<\/p><p>El resultado? Una tez revitalizada y radiante que irradia juventud y vitalidad.<\/p><p>Experimente el poder transformador de Lumina Rejuvenecimiento facial y descubra el secreto de una belleza atemporal.<\/p><p>Mejore su rutina de cuidado de la piel con este innovador tratamiento est\u00e9ril y luzca una tez radiante y juvenil que desaf\u00eda el paso del tiempo.<\/p><\/div>\n\t\t\t\t<\/div>\n\t\t\t\t\t\t\t<div class=\"elementor-toggle-item\">\n\t\t\t\t\t<div id=\"elementor-tab-title-2642\" class=\"elementor-tab-title\" data-tab=\"2\" role=\"button\" aria-controls=\"elementor-tab-content-2642\" aria-expanded=\"false\">\n\t\t\t\t\t\t\t\t\t\t\t\t<span class=\"elementor-toggle-icon elementor-toggle-icon-left\" aria-hidden=\"true\">\n\t\t\t\t\t\t\t\t\t\t\t\t\t\t\t<span class=\"elementor-toggle-icon-closed\"><svg class=\"e-font-icon-svg e-fas-caret-right\" viewBox=\"0 0 192 512\" xmlns=\"http:\/\/www.w3.org\/2000\/svg\"><path d=\"M0 384.662V127.338c0-17.818 21.543-26.741 34.142-14.142l128.662 128.662c7.81 7.81 7.81 20.474 0 28.284L34.142 398.804C21.543 411.404 0 402.48 0 384.662z\"><\/path><\/svg><\/span>\n\t\t\t\t\t\t\t\t<span class=\"elementor-toggle-icon-opened\"><svg class=\"elementor-toggle-icon-opened e-font-icon-svg e-fas-caret-up\" viewBox=\"0 0 320 512\" xmlns=\"http:\/\/www.w3.org\/2000\/svg\"><path d=\"M288.662 352H31.338c-17.818 0-26.741-21.543-14.142-34.142l128.662-128.662c7.81-7.81 20.474-7.81 28.284 0l128.662 128.662c12.6 12.599 3.676 34.142-14.142 34.142z\"><\/path><\/svg><\/span>\n\t\t\t\t\t\t\t\t\t\t\t\t\t<\/span>\n\t\t\t\t\t\t\t\t\t\t\t\t<a class=\"elementor-toggle-title\" tabindex=\"0\">Ingredientes<\/a>\n\t\t\t\t\t<\/div>\n\n\t\t\t\t\t<div id=\"elementor-tab-content-2642\" class=\"elementor-tab-content elementor-clearfix\" data-tab=\"2\" role=\"region\" aria-labelledby=\"elementor-tab-title-2642\"><ul><li>Agua<\/li><li>Propilenglicol<\/li><li>Pentilenglicol<\/li><li>Hialuronato de sodio<\/li><li>Fenilpropanol<\/li><li>Propanodiol<\/li><li>Caprililglicol<\/li><li>Cloruro de potasio<\/li><li>Bicarbonato de sodio<\/li><li>Glutamina<\/li><li>\u00c1cido l\u00e1ctico<\/li><li>Cloruro de benzalconio<\/li><li>Sulfato de magnesio<\/li><li>Ascorbato de sodio<\/li><li>Alanina<\/li><li>Arginina<\/li><li>Lisina HCL<\/li><li>Valina<\/li><li>Cianocobalamina<\/li><li>Glutati\u00f3n<\/li><li>Histidina<\/li><li>Leucina<\/li><li>Treonina<\/li><li>Isoleucina<\/li><li>Tript\u00f3fano<\/li><li>Fenilalanina<\/li><li>Glicina<\/li><li>Polisorbato 80<\/li><li>Serina<\/li><li>Fosfato de adenosina<\/li><li>\u00c1cido asp\u00e1rtico<\/li><li>Niacinamida<\/li><li>Asparagina<\/li><li>\u00c1cido glut\u00e1mico<\/li><li>Nicotinamida Adenina Dinucle\u00f3tido<\/li><li>Ornitina HCL<\/li><li>Prolina<\/li><li>Hidroxiprolina<\/li><li>Metionina<\/li><li>Taurina<\/li><li>Tocoferol<\/li><li>Coenzima A<\/li><li>Flavina Adenina Dis\u00f3dica Dinucle\u00f3tido<\/li><li>Nitrato de tiamina<\/li><li>Aceite de ricino PEG-35<\/li><li>Inositol<\/li><li>Cloro de piridoxina<\/li><li>Hidr\u00f3xido de sodio<\/li><li>Palmitato de retinilo<\/li><li>Tirosina<\/li><li>Biotina<\/li><li>Pantotenato de calcio<\/li><li>\u00c1cido f\u00f3lico<\/li><li>Riboflavina<\/li><li>Cistina<\/li><\/ul><\/div>\n\t\t\t\t<\/div>\n\t\t\t\t\t\t\t<div class=\"elementor-toggle-item\">\n\t\t\t\t\t<div id=\"elementor-tab-title-2643\" class=\"elementor-tab-title\" data-tab=\"3\" role=\"button\" aria-controls=\"elementor-tab-content-2643\" aria-expanded=\"false\">\n\t\t\t\t\t\t\t\t\t\t\t\t<span class=\"elementor-toggle-icon elementor-toggle-icon-left\" aria-hidden=\"true\">\n\t\t\t\t\t\t\t\t\t\t\t\t\t\t\t<span class=\"elementor-toggle-icon-closed\"><svg class=\"e-font-icon-svg e-fas-caret-right\" viewBox=\"0 0 192 512\" xmlns=\"http:\/\/www.w3.org\/2000\/svg\"><path d=\"M0 384.662V127.338c0-17.818 21.543-26.741 34.142-14.142l128.662 128.662c7.81 7.81 7.81 20.474 0 28.284L34.142 398.804C21.543 411.404 0 402.48 0 384.662z\"><\/path><\/svg><\/span>\n\t\t\t\t\t\t\t\t<span class=\"elementor-toggle-icon-opened\"><svg class=\"elementor-toggle-icon-opened e-font-icon-svg e-fas-caret-up\" viewBox=\"0 0 320 512\" xmlns=\"http:\/\/www.w3.org\/2000\/svg\"><path d=\"M288.662 352H31.338c-17.818 0-26.741-21.543-14.142-34.142l128.662-128.662c7.81-7.81 20.474-7.81 28.284 0l128.662 128.662c12.6 12.599 3.676 34.142-14.142 34.142z\"><\/path><\/svg><\/span>\n\t\t\t\t\t\t\t\t\t\t\t\t\t<\/span>\n\t\t\t\t\t\t\t\t\t\t\t\t<a class=\"elementor-toggle-title\" tabindex=\"0\">Aplicaci\u00f3n<\/a>\n\t\t\t\t\t<\/div>\n\n\t\t\t\t\t<div id=\"elementor-tab-content-2643\" class=\"elementor-tab-content elementor-clearfix\" data-tab=\"3\" role=\"region\" aria-labelledby=\"elementor-tab-title-2643\"><p><strong>CLAVEA Lumina<\/strong> debe aplicarse en las capas superficiales de la piel, a trav\u00e9s de mesoterapia virtual, o microagujas. <br \/>Esto permite una aplicaci\u00f3n espec\u00edfica de los ingredientes hidratantes y rejuvenecedores del producto en las zonas donde m\u00e1s <br \/>se necesitan.<\/p><p>El microneedling (microagujas) genera micro canales permitiendo una mejor absorci\u00f3n superficial y estimular la producci\u00f3n de <br \/>col\u00e1geno y elastina, lo que mejora la hidrataci\u00f3n, la elasticidad y la calidad general de la piel.<\/p><\/div>\n\t\t\t\t<\/div>\n\t\t\t\t\t\t\t<div class=\"elementor-toggle-item\">\n\t\t\t\t\t<div id=\"elementor-tab-title-2644\" class=\"elementor-tab-title\" data-tab=\"4\" role=\"button\" aria-controls=\"elementor-tab-content-2644\" aria-expanded=\"false\">\n\t\t\t\t\t\t\t\t\t\t\t\t<span class=\"elementor-toggle-icon elementor-toggle-icon-left\" aria-hidden=\"true\">\n\t\t\t\t\t\t\t\t\t\t\t\t\t\t\t<span class=\"elementor-toggle-icon-closed\"><svg class=\"e-font-icon-svg e-fas-caret-right\" viewBox=\"0 0 192 512\" xmlns=\"http:\/\/www.w3.org\/2000\/svg\"><path d=\"M0 384.662V127.338c0-17.818 21.543-26.741 34.142-14.142l128.662 128.662c7.81 7.81 7.81 20.474 0 28.284L34.142 398.804C21.543 411.404 0 402.48 0 384.662z\"><\/path><\/svg><\/span>\n\t\t\t\t\t\t\t\t<span class=\"elementor-toggle-icon-opened\"><svg class=\"elementor-toggle-icon-opened e-font-icon-svg e-fas-caret-up\" viewBox=\"0 0 320 512\" xmlns=\"http:\/\/www.w3.org\/2000\/svg\"><path d=\"M288.662 352H31.338c-17.818 0-26.741-21.543-14.142-34.142l128.662-128.662c7.81-7.81 20.474-7.81 28.284 0l128.662 128.662c12.6 12.599 3.676 34.142-14.142 34.142z\"><\/path><\/svg><\/span>\n\t\t\t\t\t\t\t\t\t\t\t\t\t<\/span>\n\t\t\t\t\t\t\t\t\t\t\t\t<a class=\"elementor-toggle-title\" tabindex=\"0\">Presentaci\u00f3n<\/a>\n\t\t\t\t\t<\/div>\n\n\t\t\t\t\t<div id=\"elementor-tab-content-2644\" class=\"elementor-tab-content elementor-clearfix\" data-tab=\"4\" role=\"region\" aria-labelledby=\"elementor-tab-title-2644\"><p>3 aplicadores x 1ml<\/p><\/div>\n\t\t\t\t<\/div>\n\t\t\t\t\t\t\t<div class=\"elementor-toggle-item\">\n\t\t\t\t\t<div id=\"elementor-tab-title-2645\" class=\"elementor-tab-title\" data-tab=\"5\" role=\"button\" aria-controls=\"elementor-tab-content-2645\" aria-expanded=\"false\">\n\t\t\t\t\t\t\t\t\t\t\t\t<span class=\"elementor-toggle-icon elementor-toggle-icon-left\" aria-hidden=\"true\">\n\t\t\t\t\t\t\t\t\t\t\t\t\t\t\t<span class=\"elementor-toggle-icon-closed\"><svg class=\"e-font-icon-svg e-fas-caret-right\" viewBox=\"0 0 192 512\" xmlns=\"http:\/\/www.w3.org\/2000\/svg\"><path d=\"M0 384.662V127.338c0-17.818 21.543-26.741 34.142-14.142l128.662 128.662c7.81 7.81 7.81 20.474 0 28.284L34.142 398.804C21.543 411.404 0 402.48 0 384.662z\"><\/path><\/svg><\/span>\n\t\t\t\t\t\t\t\t<span class=\"elementor-toggle-icon-opened\"><svg class=\"elementor-toggle-icon-opened e-font-icon-svg e-fas-caret-up\" viewBox=\"0 0 320 512\" xmlns=\"http:\/\/www.w3.org\/2000\/svg\"><path d=\"M288.662 352H31.338c-17.818 0-26.741-21.543-14.142-34.142l128.662-128.662c7.81-7.81 20.474-7.81 28.284 0l128.662 128.662c12.6 12.599 3.676 34.142-14.142 34.142z\"><\/path><\/svg><\/span>\n\t\t\t\t\t\t\t\t\t\t\t\t\t<\/span>\n\t\t\t\t\t\t\t\t\t\t\t\t<a class=\"elementor-toggle-title\" tabindex=\"0\">Protocolo<\/a>\n\t\t\t\t\t<\/div>\n\n\t\t\t\t\t<div id=\"elementor-tab-content-2645\" class=\"elementor-tab-content elementor-clearfix\" data-tab=\"5\" role=\"region\" aria-labelledby=\"elementor-tab-title-2645\"><p>Para lograr un progreso \u00f3ptimo, intente realizar un m\u00ednimo de tres sesiones, espaciadas aproximadamente cada 15 d\u00edas, para mantener <br \/>la consistencia y facilitar un tratamiento efectivo.<\/p><\/div>\n\t\t\t\t<\/div>\n\t\t\t\t\t\t\t\t<\/div>\n\t\t\t\t\t\t<\/div>\n\t\t\t\t<\/div>\n\t\t\t\t\t<\/div>\n\t\t\t\t<\/div>\n\t\t\t\t<\/div>\n\t\t","protected":false},"excerpt":{"rendered":"<p>Descubre <strong>Lumina<\/strong>, enriquecido con \u00c1cido hialur\u00f3nico y una potente<br \/>\ncombinaci\u00f3n de 37 ingredientes activos derivados de vitaminas y<br \/>\namino\u00e1cidos. Experimenta una renovaci\u00f3n facial integral para una<br \/>\npiel radiante y de aspecto juvenil.<\/p>\n","protected":false},"featured_media":16725,"template":"","meta":[],"product_brand":[],"product_cat":[79],"product_tag":[],"class_list":{"0":"post-16634","1":"product","2":"type-product","3":"status-publish","4":"has-post-thumbnail","6":"product_cat-c-boost-es","8":"first","9":"instock","10":"shipping-taxable","11":"product-type-simple"},"yoast_head":"<!-- This site is optimized with the Yoast SEO plugin v25.0 - https:\/\/yoast.com\/wordpress\/plugins\/seo\/ -->\n<title>Clavea Lumina - Clavea<\/title>\n<meta name=\"robots\" content=\"index, follow, max-snippet:-1, max-image-preview:large, max-video-preview:-1\" \/>\n<link rel=\"canonical\" href=\"http:\/\/clavea.com\/es\/product\/clavea-lumina\/\" \/>\n<meta property=\"og:locale\" content=\"es_ES\" \/>\n<meta property=\"og:type\" content=\"article\" \/>\n<meta property=\"og:title\" content=\"Clavea Lumina - Clavea\" \/>\n<meta property=\"og:description\" content=\"Descubre Lumina, enriquecido con \u00c1cido hialur\u00f3nico y una potente combinaci\u00f3n de 37 ingredientes activos derivados de vitaminas y amino\u00e1cidos. Experimenta una renovaci\u00f3n facial integral para una piel radiante y de aspecto juvenil.\" \/>\n<meta property=\"og:url\" content=\"http:\/\/clavea.com\/es\/product\/clavea-lumina\/\" \/>\n<meta property=\"og:site_name\" content=\"Clavea\" \/>\n<meta property=\"article:publisher\" content=\"https:\/\/www.facebook.com\/profile.php?id=61555035301981\" \/>\n<meta property=\"article:modified_time\" content=\"2025-05-28T08:17:25+00:00\" \/>\n<meta property=\"og:image\" content=\"http:\/\/clavea.com\/wp-content\/uploads\/2024\/10\/clavea-applicator-3-with-box-lumina-2.png\" \/>\n\t<meta property=\"og:image:width\" content=\"1400\" \/>\n\t<meta property=\"og:image:height\" content=\"1400\" \/>\n\t<meta property=\"og:image:type\" content=\"image\/png\" \/>\n<meta name=\"twitter:card\" content=\"summary_large_image\" \/>\n<meta name=\"twitter:label1\" content=\"Tiempo de lectura\" \/>\n\t<meta name=\"twitter:data1\" content=\"3 minutos\" \/>\n<script type=\"application\/ld+json\" class=\"yoast-schema-graph\">{\"@context\":\"https:\/\/schema.org\",\"@graph\":[{\"@type\":\"WebPage\",\"@id\":\"http:\/\/clavea.com\/es\/product\/clavea-lumina\/\",\"url\":\"http:\/\/clavea.com\/es\/product\/clavea-lumina\/\",\"name\":\"Clavea Lumina - Clavea\",\"isPartOf\":{\"@id\":\"http:\/\/clavea.com\/es\/#website\"},\"primaryImageOfPage\":{\"@id\":\"http:\/\/clavea.com\/es\/product\/clavea-lumina\/#primaryimage\"},\"image\":{\"@id\":\"http:\/\/clavea.com\/es\/product\/clavea-lumina\/#primaryimage\"},\"thumbnailUrl\":\"http:\/\/clavea.com\/wp-content\/uploads\/2024\/10\/clavea-applicator-3-with-box-lumina-2.png\",\"datePublished\":\"2024-03-19T14:08:49+00:00\",\"dateModified\":\"2025-05-28T08:17:25+00:00\",\"breadcrumb\":{\"@id\":\"http:\/\/clavea.com\/es\/product\/clavea-lumina\/#breadcrumb\"},\"inLanguage\":\"es\",\"potentialAction\":[{\"@type\":\"ReadAction\",\"target\":[\"http:\/\/clavea.com\/es\/product\/clavea-lumina\/\"]}]},{\"@type\":\"ImageObject\",\"inLanguage\":\"es\",\"@id\":\"http:\/\/clavea.com\/es\/product\/clavea-lumina\/#primaryimage\",\"url\":\"http:\/\/clavea.com\/wp-content\/uploads\/2024\/10\/clavea-applicator-3-with-box-lumina-2.png\",\"contentUrl\":\"http:\/\/clavea.com\/wp-content\/uploads\/2024\/10\/clavea-applicator-3-with-box-lumina-2.png\",\"width\":1400,\"height\":1400},{\"@type\":\"BreadcrumbList\",\"@id\":\"http:\/\/clavea.com\/es\/product\/clavea-lumina\/#breadcrumb\",\"itemListElement\":[{\"@type\":\"ListItem\",\"position\":1,\"name\":\"Home\",\"item\":\"https:\/\/clavea.com\/es\/\"},{\"@type\":\"ListItem\",\"position\":2,\"name\":\"Productos\",\"item\":\"http:\/\/clavea.com\/es\/productos\/\"},{\"@type\":\"ListItem\",\"position\":3,\"name\":\"Clavea\u00ae Lumina\"}]},{\"@type\":\"WebSite\",\"@id\":\"http:\/\/clavea.com\/es\/#website\",\"url\":\"http:\/\/clavea.com\/es\/\",\"name\":\"Clavea\",\"description\":\"Redefining beauty through innovation and science\",\"publisher\":{\"@id\":\"http:\/\/clavea.com\/es\/#organization\"},\"potentialAction\":[{\"@type\":\"SearchAction\",\"target\":{\"@type\":\"EntryPoint\",\"urlTemplate\":\"http:\/\/clavea.com\/es\/?s={search_term_string}\"},\"query-input\":{\"@type\":\"PropertyValueSpecification\",\"valueRequired\":true,\"valueName\":\"search_term_string\"}}],\"inLanguage\":\"es\"},{\"@type\":\"Organization\",\"@id\":\"http:\/\/clavea.com\/es\/#organization\",\"name\":\"Clavea\",\"url\":\"http:\/\/clavea.com\/es\/\",\"logo\":{\"@type\":\"ImageObject\",\"inLanguage\":\"es\",\"@id\":\"http:\/\/clavea.com\/es\/#\/schema\/logo\/image\/\",\"url\":\"https:\/\/clavea.com\/wp-content\/uploads\/2024\/03\/Untitled-design-2024-03-22T173036.477.png\",\"contentUrl\":\"https:\/\/clavea.com\/wp-content\/uploads\/2024\/03\/Untitled-design-2024-03-22T173036.477.png\",\"width\":1080,\"height\":1080,\"caption\":\"Clavea\"},\"image\":{\"@id\":\"http:\/\/clavea.com\/es\/#\/schema\/logo\/image\/\"},\"sameAs\":[\"https:\/\/www.facebook.com\/profile.php?id=61555035301981\",\"https:\/\/www.instagram.com\/clavea.official\/\"]}]}<\/script>\n<!-- \/ Yoast SEO plugin. -->","yoast_head_json":{"title":"Clavea Lumina - Clavea","robots":{"index":"index","follow":"follow","max-snippet":"max-snippet:-1","max-image-preview":"max-image-preview:large","max-video-preview":"max-video-preview:-1"},"canonical":"http:\/\/clavea.com\/es\/product\/clavea-lumina\/","og_locale":"es_ES","og_type":"article","og_title":"Clavea Lumina - Clavea","og_description":"Descubre Lumina, enriquecido con \u00c1cido hialur\u00f3nico y una potente combinaci\u00f3n de 37 ingredientes activos derivados de vitaminas y amino\u00e1cidos. Experimenta una renovaci\u00f3n facial integral para una piel radiante y de aspecto juvenil.","og_url":"http:\/\/clavea.com\/es\/product\/clavea-lumina\/","og_site_name":"Clavea","article_publisher":"https:\/\/www.facebook.com\/profile.php?id=61555035301981","article_modified_time":"2025-05-28T08:17:25+00:00","og_image":[{"width":1400,"height":1400,"url":"http:\/\/clavea.com\/wp-content\/uploads\/2024\/10\/clavea-applicator-3-with-box-lumina-2.png","type":"image\/png"}],"twitter_card":"summary_large_image","twitter_misc":{"Tiempo de lectura":"3 minutos"},"schema":{"@context":"https:\/\/schema.org","@graph":[{"@type":"WebPage","@id":"http:\/\/clavea.com\/es\/product\/clavea-lumina\/","url":"http:\/\/clavea.com\/es\/product\/clavea-lumina\/","name":"Clavea Lumina - Clavea","isPartOf":{"@id":"http:\/\/clavea.com\/es\/#website"},"primaryImageOfPage":{"@id":"http:\/\/clavea.com\/es\/product\/clavea-lumina\/#primaryimage"},"image":{"@id":"http:\/\/clavea.com\/es\/product\/clavea-lumina\/#primaryimage"},"thumbnailUrl":"http:\/\/clavea.com\/wp-content\/uploads\/2024\/10\/clavea-applicator-3-with-box-lumina-2.png","datePublished":"2024-03-19T14:08:49+00:00","dateModified":"2025-05-28T08:17:25+00:00","breadcrumb":{"@id":"http:\/\/clavea.com\/es\/product\/clavea-lumina\/#breadcrumb"},"inLanguage":"es","potentialAction":[{"@type":"ReadAction","target":["http:\/\/clavea.com\/es\/product\/clavea-lumina\/"]}]},{"@type":"ImageObject","inLanguage":"es","@id":"http:\/\/clavea.com\/es\/product\/clavea-lumina\/#primaryimage","url":"http:\/\/clavea.com\/wp-content\/uploads\/2024\/10\/clavea-applicator-3-with-box-lumina-2.png","contentUrl":"http:\/\/clavea.com\/wp-content\/uploads\/2024\/10\/clavea-applicator-3-with-box-lumina-2.png","width":1400,"height":1400},{"@type":"BreadcrumbList","@id":"http:\/\/clavea.com\/es\/product\/clavea-lumina\/#breadcrumb","itemListElement":[{"@type":"ListItem","position":1,"name":"Home","item":"https:\/\/clavea.com\/es\/"},{"@type":"ListItem","position":2,"name":"Productos","item":"http:\/\/clavea.com\/es\/productos\/"},{"@type":"ListItem","position":3,"name":"Clavea\u00ae Lumina"}]},{"@type":"WebSite","@id":"http:\/\/clavea.com\/es\/#website","url":"http:\/\/clavea.com\/es\/","name":"Clavea","description":"Redefining beauty through innovation and science","publisher":{"@id":"http:\/\/clavea.com\/es\/#organization"},"potentialAction":[{"@type":"SearchAction","target":{"@type":"EntryPoint","urlTemplate":"http:\/\/clavea.com\/es\/?s={search_term_string}"},"query-input":{"@type":"PropertyValueSpecification","valueRequired":true,"valueName":"search_term_string"}}],"inLanguage":"es"},{"@type":"Organization","@id":"http:\/\/clavea.com\/es\/#organization","name":"Clavea","url":"http:\/\/clavea.com\/es\/","logo":{"@type":"ImageObject","inLanguage":"es","@id":"http:\/\/clavea.com\/es\/#\/schema\/logo\/image\/","url":"https:\/\/clavea.com\/wp-content\/uploads\/2024\/03\/Untitled-design-2024-03-22T173036.477.png","contentUrl":"https:\/\/clavea.com\/wp-content\/uploads\/2024\/03\/Untitled-design-2024-03-22T173036.477.png","width":1080,"height":1080,"caption":"Clavea"},"image":{"@id":"http:\/\/clavea.com\/es\/#\/schema\/logo\/image\/"},"sameAs":["https:\/\/www.facebook.com\/profile.php?id=61555035301981","https:\/\/www.instagram.com\/clavea.official\/"]}]}},"_links":{"self":[{"href":"http:\/\/clavea.com\/es\/wp-json\/wp\/v2\/product\/16634","targetHints":{"allow":["GET"]}}],"collection":[{"href":"http:\/\/clavea.com\/es\/wp-json\/wp\/v2\/product"}],"about":[{"href":"http:\/\/clavea.com\/es\/wp-json\/wp\/v2\/types\/product"}],"version-history":[{"count":13,"href":"http:\/\/clavea.com\/es\/wp-json\/wp\/v2\/product\/16634\/revisions"}],"predecessor-version":[{"id":16730,"href":"http:\/\/clavea.com\/es\/wp-json\/wp\/v2\/product\/16634\/revisions\/16730"}],"wp:featuredmedia":[{"embeddable":true,"href":"http:\/\/clavea.com\/es\/wp-json\/wp\/v2\/media\/16725"}],"wp:attachment":[{"href":"http:\/\/clavea.com\/es\/wp-json\/wp\/v2\/media?parent=16634"}],"wp:term":[{"taxonomy":"product_brand","embeddable":true,"href":"http:\/\/clavea.com\/es\/wp-json\/wp\/v2\/product_brand?post=16634"},{"taxonomy":"product_cat","embeddable":true,"href":"http:\/\/clavea.com\/es\/wp-json\/wp\/v2\/product_cat?post=16634"},{"taxonomy":"product_tag","embeddable":true,"href":"http:\/\/clavea.com\/es\/wp-json\/wp\/v2\/product_tag?post=16634"}],"curies":[{"name":"wp","href":"https:\/\/api.w.org\/{rel}","templated":true}]}}